{"id":71,"date":"2020-06-28T10:55:24","date_gmt":"2020-06-28T10:55:24","guid":{"rendered":"https:\/\/jatic.se\/?page_id=71"},"modified":"2024-01-20T16:16:58","modified_gmt":"2024-01-20T15:16:58","slug":"om-oss","status":"publish","type":"page","link":"https:\/\/jatic.se\/en\/om-oss\/","title":{"rendered":"About us"},"content":{"rendered":"<div data-elementor-type=\"wp-page\" data-elementor-id=\"71\" class=\"elementor elementor-71\" data-elementor-post-type=\"page\">\n\t\t\t\t\t\t<section class=\"elementor-section elementor-top-section elementor-element elementor-element-bff47a5 elementor-section-boxed elementor-section-height-default elementor-section-height-default\" data-id=\"bff47a5\" data-element_type=\"section\" data-e-type=\"section\">\n\t\t\t\t\t\t<div class=\"elementor-container elementor-column-gap-default\">\n\t\t\t\t\t<div class=\"elementor-column elementor-col-100 elementor-top-column elementor-element elementor-element-5a9c9c1\" data-id=\"5a9c9c1\" data-element_type=\"column\" data-e-type=\"column\" data-settings=\"{&quot;background_background&quot;:&quot;classic&quot;}\">\n\t\t\t<div class=\"elementor-widget-wrap elementor-element-populated\">\n\t\t\t\t\t\t<div class=\"elementor-element elementor-element-6517730 elementor-widget elementor-widget-heading\" data-id=\"6517730\" data-element_type=\"widget\" data-e-type=\"widget\" data-widget_type=\"heading.default\">\n\t\t\t\t<div class=\"elementor-widget-container\">\n\t\t\t\t\t<h1 class=\"elementor-heading-title elementor-size-large\">About us<\/h1>\t\t\t\t<\/div>\n\t\t\t\t<\/div>\n\t\t\t\t\t<\/div>\n\t\t<\/div>\n\t\t\t\t\t<\/div>\n\t\t<\/section>\n\t\t\t\t<section class=\"elementor-section elementor-top-section elementor-element elementor-element-93f9834 elementor-section-boxed elementor-section-height-default elementor-section-height-default\" data-id=\"93f9834\" data-element_type=\"section\" data-e-type=\"section\">\n\t\t\t\t\t\t<div class=\"elementor-container elementor-column-gap-default\">\n\t\t\t\t\t<div class=\"elementor-column elementor-col-100 elementor-top-column elementor-element elementor-element-26cb66b\" data-id=\"26cb66b\" data-element_type=\"column\" data-e-type=\"column\">\n\t\t\t<div class=\"elementor-widget-wrap elementor-element-populated\">\n\t\t\t\t\t\t<div class=\"elementor-element elementor-element-5469529 elementor-widget elementor-widget-text-editor\" data-id=\"5469529\" data-element_type=\"widget\" data-e-type=\"widget\" data-widget_type=\"text-editor.default\">\n\t\t\t\t<div class=\"elementor-widget-container\">\n\t\t\t\t\t\t\t\t\t<p>The company was founded 2007 with a long experience from technical insulation solutions\nand sheet metal work.<\/p><p>Our experience in various areas has given us the ability to offer optimal service at market-challenging prices.<\/p><p>When the European market changed with a number of new member states, a\nlot of professional tradesmen were available. With the boundaries in Europe\neffacing, we could see a new market emerging.<\/p><p>The company is located in Sweden but our work platform is worldwide. Over the years, we have worked with nuclear power plants, paper mills, petrochemical installations and modular installations at sea.<\/p><p>We provide full management for any type of project. This gives our customers a guaranty for full control, continuous reporting, documentation and record holding in accordance to ISO 9001.<\/p><p>We have recently asphalted our driveway and everything is starting to fall into place with a uniform design with modern design and sustainable material choices. As granite ceramics on the outside of the facade. We built our new office 2 years ago.<\/p><p>We have our own fleet of work vehicles within the Jatic Group, which means that we can transport a lot of resources to our various workplaces around Sweden. And that we support and want to be seen locally in Bjuv where we also have our Jatic flag in M\u00f6rarp's roundabout.\n<br><br>\nOur management communicates in many different languages like English, Swedish, Norweigan, Serbian, Croatian, Lithuanian, Romanian and Polish. The company is owned by Johnny Andersson, Adrian Korodi, Peter Andersson, Djordje Bibulovic.<\/p>\t\t\t\t\t\t\t\t<\/div>\n\t\t\t\t<\/div>\n\t\t\t\t\t<\/div>\n\t\t<\/div>\n\t\t\t\t\t<\/div>\n\t\t<\/section>\n\t\t\t\t<section class=\"elementor-section elementor-top-section elementor-element elementor-element-cf037d2 elementor-section-boxed elementor-section-height-default elementor-section-height-default\" data-id=\"cf037d2\" data-element_type=\"section\" data-e-type=\"section\">\n\t\t\t\t\t\t<div class=\"elementor-container elementor-column-gap-default\">\n\t\t\t\t\t<div class=\"elementor-column elementor-col-100 elementor-top-column elementor-element elementor-element-299796d\" data-id=\"299796d\" data-element_type=\"column\" data-e-type=\"column\">\n\t\t\t<div class=\"elementor-widget-wrap elementor-element-populated\">\n\t\t\t\t\t\t<div class=\"elementor-element elementor-element-b6a5894 elementor-widget elementor-widget-heading\" data-id=\"b6a5894\" data-element_type=\"widget\" data-e-type=\"widget\" data-widget_type=\"heading.default\">\n\t\t\t\t<div class=\"elementor-widget-container\">\n\t\t\t\t\t<h2 class=\"elementor-heading-title elementor-size-default\">Learn more about us<\/h2>\t\t\t\t<\/div>\n\t\t\t\t<\/div>\n\t\t\t\t<div class=\"elementor-element elementor-element-5df0963 elementor-widget__width-auto elementor-widget elementor-widget-button\" data-id=\"5df0963\" data-element_type=\"widget\" data-e-type=\"widget\" data-widget_type=\"button.default\">\n\t\t\t\t<div class=\"elementor-widget-container\">\n\t\t\t\t\t\t\t\t\t<div class=\"elementor-button-wrapper\">\n\t\t\t\t\t<a class=\"elementor-button elementor-button-link elementor-size-sm elementor-animation-grow\" href=\"https:\/\/jatic.se\/en\/referenser\/\">\n\t\t\t\t\t\t<span class=\"elementor-button-content-wrapper\">\n\t\t\t\t\t\t\t\t\t<span class=\"elementor-button-text\">References<\/span>\n\t\t\t\t\t<\/span>\n\t\t\t\t\t<\/a>\n\t\t\t\t<\/div>\n\t\t\t\t\t\t\t\t<\/div>\n\t\t\t\t<\/div>\n\t\t\t\t<div class=\"elementor-element elementor-element-92c9204 elementor-widget__width-auto elementor-widget elementor-widget-button\" data-id=\"92c9204\" data-element_type=\"widget\" data-e-type=\"widget\" data-widget_type=\"button.default\">\n\t\t\t\t<div class=\"elementor-widget-container\">\n\t\t\t\t\t\t\t\t\t<div class=\"elementor-button-wrapper\">\n\t\t\t\t\t<a class=\"elementor-button elementor-button-link elementor-size-sm elementor-animation-grow\" href=\"https:\/\/jatic.se\/en\/om-oss\/var-vardegrund\/\">\n\t\t\t\t\t\t<span class=\"elementor-button-content-wrapper\">\n\t\t\t\t\t\t\t\t\t<span class=\"elementor-button-text\">Our values<\/span>\n\t\t\t\t\t<\/span>\n\t\t\t\t\t<\/a>\n\t\t\t\t<\/div>\n\t\t\t\t\t\t\t\t<\/div>\n\t\t\t\t<\/div>\n\t\t\t\t<div class=\"elementor-element elementor-element-04563d7 elementor-widget__width-auto elementor-widget elementor-widget-button\" data-id=\"04563d7\" data-element_type=\"widget\" data-e-type=\"widget\" data-widget_type=\"button.default\">\n\t\t\t\t<div class=\"elementor-widget-container\">\n\t\t\t\t\t\t\t\t\t<div class=\"elementor-button-wrapper\">\n\t\t\t\t\t<a class=\"elementor-button elementor-button-link elementor-size-sm elementor-animation-grow\" href=\"https:\/\/jatic.se\/en\/om-oss\/utbildningar\/\">\n\t\t\t\t\t\t<span class=\"elementor-button-content-wrapper\">\n\t\t\t\t\t\t\t\t\t<span class=\"elementor-button-text\">Qualifications<\/span>\n\t\t\t\t\t<\/span>\n\t\t\t\t\t<\/a>\n\t\t\t\t<\/div>\n\t\t\t\t\t\t\t\t<\/div>\n\t\t\t\t<\/div>\n\t\t\t\t<div class=\"elementor-element elementor-element-9ce834d elementor-widget__width-auto elementor-widget elementor-widget-button\" data-id=\"9ce834d\" data-element_type=\"widget\" data-e-type=\"widget\" data-widget_type=\"button.default\">\n\t\t\t\t<div class=\"elementor-widget-container\">\n\t\t\t\t\t\t\t\t\t<div class=\"elementor-button-wrapper\">\n\t\t\t\t\t<a class=\"elementor-button elementor-button-link elementor-size-sm elementor-animation-grow\" href=\"https:\/\/jatic.se\/en\/om-oss\/samarbetspartners\/\">\n\t\t\t\t\t\t<span class=\"elementor-button-content-wrapper\">\n\t\t\t\t\t\t\t\t\t<span class=\"elementor-button-text\">Partners<\/span>\n\t\t\t\t\t<\/span>\n\t\t\t\t\t<\/a>\n\t\t\t\t<\/div>\n\t\t\t\t\t\t\t\t<\/div>\n\t\t\t\t<\/div>\n\t\t\t\t\t<\/div>\n\t\t<\/div>\n\t\t\t\t\t<\/div>\n\t\t<\/section>\n\t\t\t\t<\/div>","protected":false},"excerpt":{"rendered":"<p>Om oss Jatic \u00e4r ett f\u00f6retag skapat 2007 med l\u00e5ng erfarenhet inom bland annat tekniska isolerings l\u00f6sningar och pl\u00e5tarbete. V\u00e5r erfarenhet inom diverse omr\u00e5den har gjort att vi idag kan erbjuda optimal service till marknadsutmanande priser. N\u00e4r den europeiska marknaden \u00e4ndrades med nya medlemsstater kom flera nya professionella aff\u00e4rsm\u00e4n in i marknaden. Med gr\u00e4nser i [&hellip;]<\/p>\n","protected":false},"author":1,"featured_media":0,"parent":0,"menu_order":0,"comment_status":"closed","ping_status":"closed","template":"","meta":{"_exactmetrics_skip_tracking":false,"_exactmetrics_sitenote_active":false,"_exactmetrics_sitenote_note":"","_exactmetrics_sitenote_category":0,"footnotes":""},"class_list":["post-71","page","type-page","status-publish","hentry"],"yoast_head":"<!-- This site is optimized with the Yoast SEO plugin v27.3 - https:\/\/yoast.com\/product\/yoast-seo-wordpress\/ -->\n<title>Om oss - Jatic<\/title>\n<meta name=\"robots\" content=\"index, follow, max-snippet:-1, max-image-preview:large, max-video-preview:-1\" \/>\n<link rel=\"canonical\" href=\"https:\/\/jatic.se\/en\/om-oss\/\" \/>\n<meta property=\"og:locale\" content=\"en_US\" \/>\n<meta property=\"og:type\" content=\"article\" \/>\n<meta property=\"og:title\" content=\"Om oss - Jatic\" \/>\n<meta property=\"og:description\" content=\"Om oss Jatic \u00e4r ett f\u00f6retag skapat 2007 med l\u00e5ng erfarenhet inom bland annat tekniska isolerings l\u00f6sningar och pl\u00e5tarbete. V\u00e5r erfarenhet inom diverse omr\u00e5den har gjort att vi idag kan erbjuda optimal service till marknadsutmanande priser. N\u00e4r den europeiska marknaden \u00e4ndrades med nya medlemsstater kom flera nya professionella aff\u00e4rsm\u00e4n in i marknaden. Med gr\u00e4nser i [&hellip;]\" \/>\n<meta property=\"og:url\" content=\"https:\/\/jatic.se\/en\/om-oss\/\" \/>\n<meta property=\"og:site_name\" content=\"Jatic\" \/>\n<meta property=\"article:modified_time\" content=\"2024-01-20T15:16:58+00:00\" \/>\n<meta name=\"twitter:card\" content=\"summary_large_image\" \/>\n<meta name=\"twitter:label1\" content=\"Est. reading time\" \/>\n\t<meta name=\"twitter:data1\" content=\"1 minute\" \/>\n<script type=\"application\/ld+json\" class=\"yoast-schema-graph\">{\"@context\":\"https:\\\/\\\/schema.org\",\"@graph\":[{\"@type\":\"WebPage\",\"@id\":\"https:\\\/\\\/jatic.se\\\/om-oss\\\/\",\"url\":\"https:\\\/\\\/jatic.se\\\/om-oss\\\/\",\"name\":\"Om oss - Jatic\",\"isPartOf\":{\"@id\":\"https:\\\/\\\/jatic.se\\\/#website\"},\"datePublished\":\"2020-06-28T10:55:24+00:00\",\"dateModified\":\"2024-01-20T15:16:58+00:00\",\"breadcrumb\":{\"@id\":\"https:\\\/\\\/jatic.se\\\/om-oss\\\/#breadcrumb\"},\"inLanguage\":\"en-US\",\"potentialAction\":[{\"@type\":\"ReadAction\",\"target\":[\"https:\\\/\\\/jatic.se\\\/om-oss\\\/\"]}]},{\"@type\":\"BreadcrumbList\",\"@id\":\"https:\\\/\\\/jatic.se\\\/om-oss\\\/#breadcrumb\",\"itemListElement\":[{\"@type\":\"ListItem\",\"position\":1,\"name\":\"Home\",\"item\":\"https:\\\/\\\/jatic.se\\\/\"},{\"@type\":\"ListItem\",\"position\":2,\"name\":\"Om oss\"}]},{\"@type\":\"WebSite\",\"@id\":\"https:\\\/\\\/jatic.se\\\/#website\",\"url\":\"https:\\\/\\\/jatic.se\\\/\",\"name\":\"Jatic\",\"description\":\"Your global partner\",\"publisher\":{\"@id\":\"https:\\\/\\\/jatic.se\\\/#organization\"},\"potentialAction\":[{\"@type\":\"SearchAction\",\"target\":{\"@type\":\"EntryPoint\",\"urlTemplate\":\"https:\\\/\\\/jatic.se\\\/?s={search_term_string}\"},\"query-input\":{\"@type\":\"PropertyValueSpecification\",\"valueRequired\":true,\"valueName\":\"search_term_string\"}}],\"inLanguage\":\"en-US\"},{\"@type\":\"Organization\",\"@id\":\"https:\\\/\\\/jatic.se\\\/#organization\",\"name\":\"Jatic\",\"url\":\"https:\\\/\\\/jatic.se\\\/\",\"logo\":{\"@type\":\"ImageObject\",\"inLanguage\":\"en-US\",\"@id\":\"https:\\\/\\\/jatic.se\\\/#\\\/schema\\\/logo\\\/image\\\/\",\"url\":\"https:\\\/\\\/media.jatic.se\\\/2020\\\/06\\\/Logga-Mars-2019-1.png\",\"contentUrl\":\"https:\\\/\\\/media.jatic.se\\\/2020\\\/06\\\/Logga-Mars-2019-1.png\",\"width\":3141,\"height\":1178,\"caption\":\"Jatic\"},\"image\":{\"@id\":\"https:\\\/\\\/jatic.se\\\/#\\\/schema\\\/logo\\\/image\\\/\"}}]}<\/script>\n<!-- \/ Yoast SEO plugin. -->","yoast_head_json":{"title":"Om oss - Jatic","robots":{"index":"index","follow":"follow","max-snippet":"max-snippet:-1","max-image-preview":"max-image-preview:large","max-video-preview":"max-video-preview:-1"},"canonical":"https:\/\/jatic.se\/en\/om-oss\/","og_locale":"en_US","og_type":"article","og_title":"Om oss - Jatic","og_description":"Om oss Jatic \u00e4r ett f\u00f6retag skapat 2007 med l\u00e5ng erfarenhet inom bland annat tekniska isolerings l\u00f6sningar och pl\u00e5tarbete. V\u00e5r erfarenhet inom diverse omr\u00e5den har gjort att vi idag kan erbjuda optimal service till marknadsutmanande priser. N\u00e4r den europeiska marknaden \u00e4ndrades med nya medlemsstater kom flera nya professionella aff\u00e4rsm\u00e4n in i marknaden. Med gr\u00e4nser i [&hellip;]","og_url":"https:\/\/jatic.se\/en\/om-oss\/","og_site_name":"Jatic","article_modified_time":"2024-01-20T15:16:58+00:00","twitter_card":"summary_large_image","twitter_misc":{"Est. reading time":"1 minute"},"schema":{"@context":"https:\/\/schema.org","@graph":[{"@type":"WebPage","@id":"https:\/\/jatic.se\/om-oss\/","url":"https:\/\/jatic.se\/om-oss\/","name":"Om oss - Jatic","isPartOf":{"@id":"https:\/\/jatic.se\/#website"},"datePublished":"2020-06-28T10:55:24+00:00","dateModified":"2024-01-20T15:16:58+00:00","breadcrumb":{"@id":"https:\/\/jatic.se\/om-oss\/#breadcrumb"},"inLanguage":"en-US","potentialAction":[{"@type":"ReadAction","target":["https:\/\/jatic.se\/om-oss\/"]}]},{"@type":"BreadcrumbList","@id":"https:\/\/jatic.se\/om-oss\/#breadcrumb","itemListElement":[{"@type":"ListItem","position":1,"name":"Home","item":"https:\/\/jatic.se\/"},{"@type":"ListItem","position":2,"name":"Om oss"}]},{"@type":"WebSite","@id":"https:\/\/jatic.se\/#website","url":"https:\/\/jatic.se\/","name":"Jatic","description":"Your global partner","publisher":{"@id":"https:\/\/jatic.se\/#organization"},"potentialAction":[{"@type":"SearchAction","target":{"@type":"EntryPoint","urlTemplate":"https:\/\/jatic.se\/?s={search_term_string}"},"query-input":{"@type":"PropertyValueSpecification","valueRequired":true,"valueName":"search_term_string"}}],"inLanguage":"en-US"},{"@type":"Organization","@id":"https:\/\/jatic.se\/#organization","name":"Jatic","url":"https:\/\/jatic.se\/","logo":{"@type":"ImageObject","inLanguage":"en-US","@id":"https:\/\/jatic.se\/#\/schema\/logo\/image\/","url":"https:\/\/media.jatic.se\/2020\/06\/Logga-Mars-2019-1.png","contentUrl":"https:\/\/media.jatic.se\/2020\/06\/Logga-Mars-2019-1.png","width":3141,"height":1178,"caption":"Jatic"},"image":{"@id":"https:\/\/jatic.se\/#\/schema\/logo\/image\/"}}]}},"_links":{"self":[{"href":"https:\/\/jatic.se\/en\/wp-json\/wp\/v2\/pages\/71","targetHints":{"allow":["GET"]}}],"collection":[{"href":"https:\/\/jatic.se\/en\/wp-json\/wp\/v2\/pages"}],"about":[{"href":"https:\/\/jatic.se\/en\/wp-json\/wp\/v2\/types\/page"}],"author":[{"embeddable":true,"href":"https:\/\/jatic.se\/en\/wp-json\/wp\/v2\/users\/1"}],"replies":[{"embeddable":true,"href":"https:\/\/jatic.se\/en\/wp-json\/wp\/v2\/comments?post=71"}],"version-history":[{"count":5,"href":"https:\/\/jatic.se\/en\/wp-json\/wp\/v2\/pages\/71\/revisions"}],"predecessor-version":[{"id":1539,"href":"https:\/\/jatic.se\/en\/wp-json\/wp\/v2\/pages\/71\/revisions\/1539"}],"wp:attachment":[{"href":"https:\/\/jatic.se\/en\/wp-json\/wp\/v2\/media?parent=71"}],"curies":[{"name":"wp","href":"https:\/\/api.w.org\/{rel}","templated":true}]}}