{"id":73,"date":"2020-06-28T10:55:33","date_gmt":"2020-06-28T10:55:33","guid":{"rendered":"https:\/\/jatic.se\/?page_id=73"},"modified":"2024-01-20T16:12:36","modified_gmt":"2024-01-20T15:12:36","slug":"tjanster","status":"publish","type":"page","link":"https:\/\/jatic.se\/en\/tjanster\/","title":{"rendered":"Services"},"content":{"rendered":"<div data-elementor-type=\"wp-page\" data-elementor-id=\"73\" class=\"elementor elementor-73\" data-elementor-post-type=\"page\">\n\t\t\t\t\t\t<section class=\"elementor-section elementor-top-section elementor-element elementor-element-cfb142d elementor-section-boxed elementor-section-height-default elementor-section-height-default\" data-id=\"cfb142d\" data-element_type=\"section\" data-e-type=\"section\">\n\t\t\t\t\t\t<div class=\"elementor-container elementor-column-gap-default\">\n\t\t\t\t\t<div class=\"elementor-column elementor-col-100 elementor-top-column elementor-element elementor-element-3092947\" data-id=\"3092947\" data-element_type=\"column\" data-e-type=\"column\">\n\t\t\t<div class=\"elementor-widget-wrap elementor-element-populated\">\n\t\t\t\t\t\t<div class=\"elementor-element elementor-element-ee5b562 elementor-widget elementor-widget-heading\" data-id=\"ee5b562\" data-element_type=\"widget\" data-e-type=\"widget\" data-widget_type=\"heading.default\">\n\t\t\t\t<div class=\"elementor-widget-container\">\n\t\t\t\t\t<h1 class=\"elementor-heading-title elementor-size-large\">Services<\/h1>\t\t\t\t<\/div>\n\t\t\t\t<\/div>\n\t\t\t\t<div class=\"elementor-element elementor-element-5d2de50 elementor-widget elementor-widget-text-editor\" data-id=\"5d2de50\" data-element_type=\"widget\" data-e-type=\"widget\" data-widget_type=\"text-editor.default\">\n\t\t\t\t<div class=\"elementor-widget-container\">\n\t\t\t\t\t\t\t\t\t<p>Click on any of the images to read more.<\/p>\t\t\t\t\t\t\t\t<\/div>\n\t\t\t\t<\/div>\n\t\t\t\t\t<\/div>\n\t\t<\/div>\n\t\t\t\t\t<\/div>\n\t\t<\/section>\n\t\t\t\t<section class=\"elementor-section elementor-top-section elementor-element elementor-element-0de2037 elementor-section-boxed elementor-section-height-default elementor-section-height-default\" data-id=\"0de2037\" data-element_type=\"section\" data-e-type=\"section\">\n\t\t\t\t\t\t<div class=\"elementor-container elementor-column-gap-default\">\n\t\t\t\t\t<div class=\"make-column-clickable-elementor elementor-column elementor-col-50 elementor-top-column elementor-element elementor-element-59a0681\" style=\"cursor: pointer;\" data-column-clickable=\"https:\/\/jatic.se\/en\/tjanster\/teknisk-isolering\/\" data-column-clickable-blank=\"_self\" data-id=\"59a0681\" data-element_type=\"column\" data-e-type=\"column\" data-settings=\"{&quot;background_background&quot;:&quot;classic&quot;}\">\n\t\t\t<div class=\"elementor-widget-wrap elementor-element-populated\">\n\t\t\t\t\t\t<div class=\"elementor-element elementor-element-d711d98 elementor-widget elementor-widget-spacer\" data-id=\"d711d98\" data-element_type=\"widget\" data-e-type=\"widget\" data-widget_type=\"spacer.default\">\n\t\t\t\t<div class=\"elementor-widget-container\">\n\t\t\t\t\t\t\t<div class=\"elementor-spacer\">\n\t\t\t<div class=\"elementor-spacer-inner\"><\/div>\n\t\t<\/div>\n\t\t\t\t\t\t<\/div>\n\t\t\t\t<\/div>\n\t\t\t\t<div class=\"elementor-element elementor-element-2b377f2 elementor-widget elementor-widget-heading\" data-id=\"2b377f2\" data-element_type=\"widget\" data-e-type=\"widget\" data-widget_type=\"heading.default\">\n\t\t\t\t<div class=\"elementor-widget-container\">\n\t\t\t\t\t<h2 class=\"elementor-heading-title elementor-size-large\">Technical insulation<\/h2>\t\t\t\t<\/div>\n\t\t\t\t<\/div>\n\t\t\t\t\t<\/div>\n\t\t<\/div>\n\t\t\t\t<div class=\"make-column-clickable-elementor elementor-column elementor-col-50 elementor-top-column elementor-element elementor-element-9dec943\" style=\"cursor: pointer;\" data-column-clickable=\"https:\/\/jatic.se\/en\/tjanster\/ventilation\/\" data-column-clickable-blank=\"_self\" data-id=\"9dec943\" data-element_type=\"column\" data-e-type=\"column\" data-settings=\"{&quot;background_background&quot;:&quot;classic&quot;}\">\n\t\t\t<div class=\"elementor-widget-wrap elementor-element-populated\">\n\t\t\t\t\t\t<div class=\"elementor-element elementor-element-24ffe8e elementor-widget elementor-widget-spacer\" data-id=\"24ffe8e\" data-element_type=\"widget\" data-e-type=\"widget\" data-widget_type=\"spacer.default\">\n\t\t\t\t<div class=\"elementor-widget-container\">\n\t\t\t\t\t\t\t<div class=\"elementor-spacer\">\n\t\t\t<div class=\"elementor-spacer-inner\"><\/div>\n\t\t<\/div>\n\t\t\t\t\t\t<\/div>\n\t\t\t\t<\/div>\n\t\t\t\t<div class=\"elementor-element elementor-element-5779f5d elementor-widget elementor-widget-heading\" data-id=\"5779f5d\" data-element_type=\"widget\" data-e-type=\"widget\" data-widget_type=\"heading.default\">\n\t\t\t\t<div class=\"elementor-widget-container\">\n\t\t\t\t\t<h2 class=\"elementor-heading-title elementor-size-large\">Ventilation<\/h2>\t\t\t\t<\/div>\n\t\t\t\t<\/div>\n\t\t\t\t\t<\/div>\n\t\t<\/div>\n\t\t\t\t\t<\/div>\n\t\t<\/section>\n\t\t\t\t<\/div>","protected":false},"excerpt":{"rendered":"<p>Tj\u00e4nster Klicka p\u00e5 en av tj\u00e4nsterna f\u00f6r att l\u00e4sa mera. Teknisk isolering Ventilation<\/p>","protected":false},"author":1,"featured_media":0,"parent":0,"menu_order":0,"comment_status":"closed","ping_status":"closed","template":"","meta":{"_exactmetrics_skip_tracking":false,"_exactmetrics_sitenote_active":false,"_exactmetrics_sitenote_note":"","_exactmetrics_sitenote_category":0,"footnotes":""},"class_list":["post-73","page","type-page","status-publish","hentry"],"yoast_head":"<!-- This site is optimized with the Yoast SEO plugin v27.3 - https:\/\/yoast.com\/product\/yoast-seo-wordpress\/ -->\n<title>Tj\u00e4nster - Jatic<\/title>\n<meta name=\"robots\" content=\"index, follow, max-snippet:-1, max-image-preview:large, max-video-preview:-1\" \/>\n<link rel=\"canonical\" href=\"https:\/\/jatic.se\/en\/tjanster\/\" \/>\n<meta property=\"og:locale\" content=\"en_US\" \/>\n<meta property=\"og:type\" content=\"article\" \/>\n<meta property=\"og:title\" content=\"Tj\u00e4nster - Jatic\" \/>\n<meta property=\"og:description\" content=\"Tj\u00e4nster Klicka p\u00e5 en av tj\u00e4nsterna f\u00f6r att l\u00e4sa mera. Teknisk isolering Ventilation\" \/>\n<meta property=\"og:url\" content=\"https:\/\/jatic.se\/en\/tjanster\/\" \/>\n<meta property=\"og:site_name\" content=\"Jatic\" \/>\n<meta property=\"article:modified_time\" content=\"2024-01-20T15:12:36+00:00\" \/>\n<meta name=\"twitter:card\" content=\"summary_large_image\" \/>\n<meta name=\"twitter:label1\" content=\"Est. reading time\" \/>\n\t<meta name=\"twitter:data1\" content=\"1 minute\" \/>\n<script type=\"application\/ld+json\" class=\"yoast-schema-graph\">{\"@context\":\"https:\\\/\\\/schema.org\",\"@graph\":[{\"@type\":\"WebPage\",\"@id\":\"https:\\\/\\\/jatic.se\\\/tjanster\\\/\",\"url\":\"https:\\\/\\\/jatic.se\\\/tjanster\\\/\",\"name\":\"Tj\u00e4nster - Jatic\",\"isPartOf\":{\"@id\":\"https:\\\/\\\/jatic.se\\\/#website\"},\"datePublished\":\"2020-06-28T10:55:33+00:00\",\"dateModified\":\"2024-01-20T15:12:36+00:00\",\"breadcrumb\":{\"@id\":\"https:\\\/\\\/jatic.se\\\/tjanster\\\/#breadcrumb\"},\"inLanguage\":\"en-US\",\"potentialAction\":[{\"@type\":\"ReadAction\",\"target\":[\"https:\\\/\\\/jatic.se\\\/tjanster\\\/\"]}]},{\"@type\":\"BreadcrumbList\",\"@id\":\"https:\\\/\\\/jatic.se\\\/tjanster\\\/#breadcrumb\",\"itemListElement\":[{\"@type\":\"ListItem\",\"position\":1,\"name\":\"Home\",\"item\":\"https:\\\/\\\/jatic.se\\\/\"},{\"@type\":\"ListItem\",\"position\":2,\"name\":\"Tj\u00e4nster\"}]},{\"@type\":\"WebSite\",\"@id\":\"https:\\\/\\\/jatic.se\\\/#website\",\"url\":\"https:\\\/\\\/jatic.se\\\/\",\"name\":\"Jatic\",\"description\":\"Your global partner\",\"publisher\":{\"@id\":\"https:\\\/\\\/jatic.se\\\/#organization\"},\"potentialAction\":[{\"@type\":\"SearchAction\",\"target\":{\"@type\":\"EntryPoint\",\"urlTemplate\":\"https:\\\/\\\/jatic.se\\\/?s={search_term_string}\"},\"query-input\":{\"@type\":\"PropertyValueSpecification\",\"valueRequired\":true,\"valueName\":\"search_term_string\"}}],\"inLanguage\":\"en-US\"},{\"@type\":\"Organization\",\"@id\":\"https:\\\/\\\/jatic.se\\\/#organization\",\"name\":\"Jatic\",\"url\":\"https:\\\/\\\/jatic.se\\\/\",\"logo\":{\"@type\":\"ImageObject\",\"inLanguage\":\"en-US\",\"@id\":\"https:\\\/\\\/jatic.se\\\/#\\\/schema\\\/logo\\\/image\\\/\",\"url\":\"https:\\\/\\\/media.jatic.se\\\/2020\\\/06\\\/Logga-Mars-2019-1.png\",\"contentUrl\":\"https:\\\/\\\/media.jatic.se\\\/2020\\\/06\\\/Logga-Mars-2019-1.png\",\"width\":3141,\"height\":1178,\"caption\":\"Jatic\"},\"image\":{\"@id\":\"https:\\\/\\\/jatic.se\\\/#\\\/schema\\\/logo\\\/image\\\/\"}}]}<\/script>\n<!-- \/ Yoast SEO plugin. -->","yoast_head_json":{"title":"Tj\u00e4nster - Jatic","robots":{"index":"index","follow":"follow","max-snippet":"max-snippet:-1","max-image-preview":"max-image-preview:large","max-video-preview":"max-video-preview:-1"},"canonical":"https:\/\/jatic.se\/en\/tjanster\/","og_locale":"en_US","og_type":"article","og_title":"Tj\u00e4nster - Jatic","og_description":"Tj\u00e4nster Klicka p\u00e5 en av tj\u00e4nsterna f\u00f6r att l\u00e4sa mera. Teknisk isolering Ventilation","og_url":"https:\/\/jatic.se\/en\/tjanster\/","og_site_name":"Jatic","article_modified_time":"2024-01-20T15:12:36+00:00","twitter_card":"summary_large_image","twitter_misc":{"Est. reading time":"1 minute"},"schema":{"@context":"https:\/\/schema.org","@graph":[{"@type":"WebPage","@id":"https:\/\/jatic.se\/tjanster\/","url":"https:\/\/jatic.se\/tjanster\/","name":"Tj\u00e4nster - Jatic","isPartOf":{"@id":"https:\/\/jatic.se\/#website"},"datePublished":"2020-06-28T10:55:33+00:00","dateModified":"2024-01-20T15:12:36+00:00","breadcrumb":{"@id":"https:\/\/jatic.se\/tjanster\/#breadcrumb"},"inLanguage":"en-US","potentialAction":[{"@type":"ReadAction","target":["https:\/\/jatic.se\/tjanster\/"]}]},{"@type":"BreadcrumbList","@id":"https:\/\/jatic.se\/tjanster\/#breadcrumb","itemListElement":[{"@type":"ListItem","position":1,"name":"Home","item":"https:\/\/jatic.se\/"},{"@type":"ListItem","position":2,"name":"Tj\u00e4nster"}]},{"@type":"WebSite","@id":"https:\/\/jatic.se\/#website","url":"https:\/\/jatic.se\/","name":"Jatic","description":"Your global partner","publisher":{"@id":"https:\/\/jatic.se\/#organization"},"potentialAction":[{"@type":"SearchAction","target":{"@type":"EntryPoint","urlTemplate":"https:\/\/jatic.se\/?s={search_term_string}"},"query-input":{"@type":"PropertyValueSpecification","valueRequired":true,"valueName":"search_term_string"}}],"inLanguage":"en-US"},{"@type":"Organization","@id":"https:\/\/jatic.se\/#organization","name":"Jatic","url":"https:\/\/jatic.se\/","logo":{"@type":"ImageObject","inLanguage":"en-US","@id":"https:\/\/jatic.se\/#\/schema\/logo\/image\/","url":"https:\/\/media.jatic.se\/2020\/06\/Logga-Mars-2019-1.png","contentUrl":"https:\/\/media.jatic.se\/2020\/06\/Logga-Mars-2019-1.png","width":3141,"height":1178,"caption":"Jatic"},"image":{"@id":"https:\/\/jatic.se\/#\/schema\/logo\/image\/"}}]}},"_links":{"self":[{"href":"https:\/\/jatic.se\/en\/wp-json\/wp\/v2\/pages\/73","targetHints":{"allow":["GET"]}}],"collection":[{"href":"https:\/\/jatic.se\/en\/wp-json\/wp\/v2\/pages"}],"about":[{"href":"https:\/\/jatic.se\/en\/wp-json\/wp\/v2\/types\/page"}],"author":[{"embeddable":true,"href":"https:\/\/jatic.se\/en\/wp-json\/wp\/v2\/users\/1"}],"replies":[{"embeddable":true,"href":"https:\/\/jatic.se\/en\/wp-json\/wp\/v2\/comments?post=73"}],"version-history":[{"count":5,"href":"https:\/\/jatic.se\/en\/wp-json\/wp\/v2\/pages\/73\/revisions"}],"predecessor-version":[{"id":1530,"href":"https:\/\/jatic.se\/en\/wp-json\/wp\/v2\/pages\/73\/revisions\/1530"}],"wp:attachment":[{"href":"https:\/\/jatic.se\/en\/wp-json\/wp\/v2\/media?parent=73"}],"curies":[{"name":"wp","href":"https:\/\/api.w.org\/{rel}","templated":true}]}}