{"id":77,"date":"2020-06-28T10:56:01","date_gmt":"2020-06-28T10:56:01","guid":{"rendered":"https:\/\/jatic.se\/?page_id=77"},"modified":"2020-07-22T14:22:08","modified_gmt":"2020-07-22T14:22:08","slug":"referenser","status":"publish","type":"page","link":"https:\/\/jatic.se\/en\/referenser\/","title":{"rendered":"References"},"content":{"rendered":"<div data-elementor-type=\"wp-page\" data-elementor-id=\"77\" class=\"elementor elementor-77\" data-elementor-post-type=\"page\">\n\t\t\t\t\t\t<section class=\"elementor-section elementor-top-section elementor-element elementor-element-41f21a6 elementor-section-boxed elementor-section-height-default elementor-section-height-default\" data-id=\"41f21a6\" data-element_type=\"section\" data-e-type=\"section\">\n\t\t\t\t\t\t<div class=\"elementor-container elementor-column-gap-default\">\n\t\t\t\t\t<div class=\"elementor-column elementor-col-100 elementor-top-column elementor-element elementor-element-eee4508\" data-id=\"eee4508\" data-element_type=\"column\" data-e-type=\"column\">\n\t\t\t<div class=\"elementor-widget-wrap elementor-element-populated\">\n\t\t\t\t\t\t<div class=\"elementor-element elementor-element-1f3fbf6 elementor-widget elementor-widget-heading\" data-id=\"1f3fbf6\" data-element_type=\"widget\" data-e-type=\"widget\" data-widget_type=\"heading.default\">\n\t\t\t\t<div class=\"elementor-widget-container\">\n\t\t\t\t\t<h2 class=\"elementor-heading-title elementor-size-default\">References<\/h2>\t\t\t\t<\/div>\n\t\t\t\t<\/div>\n\t\t\t\t\t<\/div>\n\t\t<\/div>\n\t\t\t\t\t<\/div>\n\t\t<\/section>\n\t\t\t\t<section class=\"elementor-section elementor-top-section elementor-element elementor-element-3f1dfaa6 elementor-section-boxed elementor-section-height-default elementor-section-height-default\" data-id=\"3f1dfaa6\" data-element_type=\"section\" data-e-type=\"section\">\n\t\t\t\t\t\t<div class=\"elementor-container elementor-column-gap-default\">\n\t\t\t\t\t<div class=\"elementor-column elementor-col-100 elementor-top-column elementor-element elementor-element-67740117\" data-id=\"67740117\" data-element_type=\"column\" data-e-type=\"column\">\n\t\t\t<div class=\"elementor-widget-wrap elementor-element-populated\">\n\t\t\t\t\t\t<div class=\"elementor-element elementor-element-31eb5c0a elementor-widget elementor-widget-text-editor\" data-id=\"31eb5c0a\" data-element_type=\"widget\" data-e-type=\"widget\" data-widget_type=\"text-editor.default\">\n\t\t\t\t<div class=\"elementor-widget-container\">\n\t\t\t\t\t\t\t\t\t<div id=\"lmm_63402e30\" style=\"width:100%;\" class=\"mapsmarker layermap layer-1\">\n<div id=\"lmm_panel_63402e30\" class=\"lmm-panel\" style=\"background:#efefef;\">\n<div id=\"lmm_panel_api_63402e30\" class=\"lmm-panel-api\"><\/div>\n<div id=\"lmm_panel_text_63402e30\" class=\"lmm-panel-text\" style=\"font-weight:bold;color:#373737;\">References<\/div>\n<\/div>\n<div id=\"lmm_map_63402e30\" class=\"lmm-map\" style=\"background:#f6f6f6;border:1px solid #ccc;height:500px; overflow:hidden;padding:0;\">\n<p style=\"font-size:80%;color:#9f9e9e;margin-left:5px;\">loading map &#8211; please wait&#8230;<noscript><br \/><strong>Map could not be loaded &#8211; please enable Javascript!<\/strong><br \/><a style=\"text-decoration:none;\" href=\"https:\/\/www.mapsmarker.com\/js-disabled\" target=\"_blank\">&rarr; more information<\/a><\/noscript><\/p>\n<\/div>\n<div id=\"lmm_geo_tags_63402e30_2\" class=\"lmm-geo-tags geo\">Nybyggnation av skola, Malm\u00f6: <span class=\"latitude\">55.605300<\/span>, <span class=\"longitude\">13.031900<\/span><\/div>\n<div id=\"lmm_geo_tags_63402e30_3\" class=\"lmm-geo-tags geo\">Betonggjutning f\u00f6r restaurang, Helsingborg: <span class=\"latitude\">56.049200<\/span>, <span class=\"longitude\">12.688600<\/span><\/div>\n<div id=\"lmm_geo_tags_63402e30_4\" class=\"lmm-geo-tags geo\">Nybyggnation av skola, Klippan: <span class=\"latitude\">56.130300<\/span>, <span class=\"longitude\">13.161400<\/span><\/div>\n<div id=\"lmm_geo_tags_63402e30_5\" class=\"lmm-geo-tags geo\">Trapphus Malm\u00f6: <span class=\"latitude\">55.574400<\/span>, <span class=\"longitude\">13.017500<\/span><\/div>\n<div id=\"lmm_geo_tags_63402e30_6\" class=\"lmm-geo-tags geo\">Renovering skola, H\u00e4ssleholm: <span class=\"latitude\">56.159100<\/span>, <span class=\"longitude\">13.766400<\/span><\/div>\n<div id=\"lmm_geo_tags_63402e30_7\" class=\"lmm-geo-tags geo\">Rivning byggnad, N Rydeb\u00e4ck: <span class=\"latitude\">55.984200<\/span>, <span class=\"longitude\">12.768600<\/span><\/div>\n<div id=\"lmm_geo_tags_63402e30_8\" class=\"lmm-geo-tags geo\">Godism\u00e4starna, V\u00e4la: <span class=\"latitude\">56.091636<\/span>, <span class=\"longitude\">12.759054<\/span><\/div>\n<div id=\"lmm_geo_tags_63402e30_9\" class=\"lmm-geo-tags geo\">Platts\u00e4ttning, Helsingborg: <span class=\"latitude\">56.040400<\/span>, <span class=\"longitude\">12.727800<\/span><\/div>\n<div id=\"lmm_geo_tags_63402e30_10\" class=\"lmm-geo-tags geo\">\u00c4ldreboende F\u00f6rsl\u00f6v: <span class=\"latitude\">56.353300<\/span>, <span class=\"longitude\">12.817400<\/span><\/div>\n<div id=\"lmm_geo_tags_63402e30_11\" class=\"lmm-geo-tags geo\">Snickeri, Bara Backar: <span class=\"latitude\">55.582200<\/span>, <span class=\"longitude\">13.180600<\/span><\/div>\n<div id=\"lmm_geo_tags_63402e30_12\" class=\"lmm-geo-tags geo\">Gym Helsing\u00f6r: <span class=\"latitude\">56.026100<\/span>, <span class=\"longitude\">12.594800<\/span><\/div>\n<div id=\"lmm_geo_tags_63402e30_13\" class=\"lmm-geo-tags geo\">Biskopen fastighetsf\u00f6rvaltning, Landskrona: <span class=\"latitude\">55.868900<\/span>, <span class=\"longitude\">12.864800<\/span><\/div>\n<div id=\"lmm_geo_tags_63402e30_14\" class=\"lmm-geo-tags geo\">K-Fastigheter renovering balkonger, Landskrona: <span class=\"latitude\">55.874400<\/span>, <span class=\"longitude\">12.839500<\/span><\/div>\n<div id=\"lmm_geo_tags_63402e30_15\" class=\"lmm-geo-tags geo\">Hotel H\u00e4rsl\u00f6v: <span class=\"latitude\">55.918900<\/span>, <span class=\"longitude\">12.861000<\/span><\/div>\n<div id=\"lmm_geo_tags_63402e30_16\" class=\"lmm-geo-tags geo\">Platts\u00e4ttning Helsingborg: <span class=\"latitude\">56.026000<\/span>, <span class=\"longitude\">12.740800<\/span><\/div>\n<div id=\"lmm_geo_tags_63402e30_17\" class=\"lmm-geo-tags geo\">Tak renovering, Hasanov Bilskrot, Helsingborg: <span class=\"latitude\">56.106513<\/span>, <span class=\"longitude\">12.928505<\/span><\/div>\n<div id=\"lmm_geo_tags_63402e30_18\" class=\"lmm-geo-tags geo\">Preem raff, Lysekil: <span class=\"latitude\">58.276800<\/span>, <span class=\"longitude\">11.443400<\/span><\/div>\n<div id=\"lmm_geo_tags_63402e30_19\" class=\"lmm-geo-tags geo\">Preem, G\u00f6teborg: <span class=\"latitude\">57.701946<\/span>, <span class=\"longitude\">11.883774<\/span><\/div>\n<div id=\"lmm_geo_tags_63402e30_20\" class=\"lmm-geo-tags geo\">St1 Raff, G\u00f6teborg: <span class=\"latitude\">57.724400<\/span>, <span class=\"longitude\">11.765300<\/span><\/div>\n<div id=\"lmm_geo_tags_63402e30_21\" class=\"lmm-geo-tags geo\">Borealis, Stenungsund: <span class=\"latitude\">58.072500<\/span>, <span class=\"longitude\">11.822900<\/span><\/div>\n<div id=\"lmm_geo_tags_63402e30_22\" class=\"lmm-geo-tags geo\">Nouroyn, Stenungsund: <span class=\"latitude\">58.072200<\/span>, <span class=\"longitude\">11.805800<\/span><\/div>\n<div id=\"lmm_geo_tags_63402e30_23\" class=\"lmm-geo-tags geo\">Perstorp Oxo, Strandnorum: <span class=\"latitude\">58.042200<\/span>, <span class=\"longitude\">11.824300<\/span><\/div>\n<div id=\"lmm_geo_tags_63402e30_24\" class=\"lmm-geo-tags geo\">Perstorp Oxo, N\u00f6dinge-Nol: <span class=\"latitude\">57.906900<\/span>, <span class=\"longitude\">12.060200<\/span><\/div>\n<div id=\"lmm_geo_tags_63402e30_25\" class=\"lmm-geo-tags geo\">Perstorp Oxo, Kungsbacka: <span class=\"latitude\">57.488900<\/span>, <span class=\"longitude\">12.078800<\/span><\/div>\n<div id=\"lmm_geo_tags_63402e30_26\" class=\"lmm-geo-tags geo\">Billerud, Sk\u00e4rblacka: <span class=\"latitude\">58.575900<\/span>, <span class=\"longitude\">15.923000<\/span><\/div>\n<div id=\"lmm_geo_tags_63402e30_27\" class=\"lmm-geo-tags geo\">S\u00f6dra cell, M\u00f6rrum: <span class=\"latitude\">56.192500<\/span>, <span class=\"longitude\">14.751500<\/span><\/div>\n<div id=\"lmm_geo_tags_63402e30_28\" class=\"lmm-geo-tags geo\">S\u00f6dra cell, V\u00e4r\u00f6: <span class=\"latitude\">56.165400<\/span>, <span class=\"longitude\">15.534300<\/span><\/div>\n<div id=\"lmm_geo_tags_63402e30_29\" class=\"lmm-geo-tags geo\">S\u00f6dra cell, M\u00f6nster\u00e5s: <span class=\"latitude\">57.043000<\/span>, <span class=\"longitude\">16.444800<\/span><\/div>\n<div id=\"lmm_geo_tags_63402e30_30\" class=\"lmm-geo-tags geo\">Stora Enso, Nym\u00f6lla: <span class=\"latitude\">56.039300<\/span>, <span class=\"longitude\">14.464000<\/span><\/div>\n<div id=\"lmm_geo_tags_63402e30_31\" class=\"lmm-geo-tags geo\">AAK, Karlshamn: <span class=\"latitude\">56.170200<\/span>, <span class=\"longitude\">14.863100<\/span><\/div>\n<div id=\"lmm_geo_tags_63402e30_32\" class=\"lmm-geo-tags geo\">Obbola, Ume\u00e5: <span class=\"latitude\">63.825700<\/span>, <span class=\"longitude\">20.263100<\/span><\/div>\n<div id=\"lmm_geo_tags_63402e30_33\" class=\"lmm-geo-tags geo\">\u00d6strand, Sundsvall: <span class=\"latitude\">62.390800<\/span>, <span class=\"longitude\">17.307100<\/span><\/div>\n<div id=\"lmm_geo_tags_63402e30_34\" class=\"lmm-geo-tags geo\">Ortviken, Sundsvall: <span class=\"latitude\">62.394824<\/span>, <span class=\"longitude\">17.313080<\/span><\/div>\n<div id=\"lmm_geo_tags_63402e30_35\" class=\"lmm-geo-tags geo\">Husum, \u00d6rnsk\u00f6ldsvik: <span class=\"latitude\">63.288900<\/span>, <span class=\"longitude\">18.716000<\/span><\/div>\n<div id=\"lmm_geo_tags_63402e30_36\" class=\"lmm-geo-tags geo\">Stockholms reparationsvarv: <span class=\"latitude\">59.325100<\/span>, <span class=\"longitude\">18.071100<\/span><\/div>\n<div id=\"lmm_geo_tags_63402e30_37\" class=\"lmm-geo-tags geo\">Pl\u00e5t och ventilation, H\u00e4ljarp: <span class=\"latitude\">55.850000<\/span>, <span class=\"longitude\">12.916700<\/span><\/div>\n<div id=\"lmm_geo_tags_63402e30_38\" class=\"lmm-geo-tags geo\">NCC, Helsingborg: <span class=\"latitude\">56.062400<\/span>, <span class=\"longitude\">12.714400<\/span><\/div>\n<div id=\"lmm_geo_tags_63402e30_39\" class=\"lmm-geo-tags geo\">Snickeri v\u00e4ggar, \u00c5hus: <span class=\"latitude\">55.945000<\/span>, <span class=\"longitude\">14.301000<\/span><\/div>\n<div id=\"lmm_geo_tags_63402e30_40\" class=\"lmm-geo-tags geo\">NCC, Vellinge: <span class=\"latitude\">55.471200<\/span>, <span class=\"longitude\">13.019700<\/span><\/div>\n<\/div>\n\t\t\t\t\t\t\t\t<\/div>\n\t\t\t\t<\/div>\n\t\t\t\t\t<\/div>\n\t\t<\/div>\n\t\t\t\t\t<\/div>\n\t\t<\/section>\n\t\t\t\t<\/div>","protected":false},"excerpt":{"rendered":"<p>References<\/p>","protected":false},"author":1,"featured_media":0,"parent":0,"menu_order":0,"comment_status":"closed","ping_status":"closed","template":"","meta":{"_exactmetrics_skip_tracking":false,"_exactmetrics_sitenote_active":false,"_exactmetrics_sitenote_note":"","_exactmetrics_sitenote_category":0,"footnotes":""},"class_list":["post-77","page","type-page","status-publish","hentry"],"yoast_head":"<!-- This site is optimized with the Yoast SEO plugin v27.3 - https:\/\/yoast.com\/product\/yoast-seo-wordpress\/ -->\n<title>Referenser - Jatic<\/title>\n<meta name=\"robots\" content=\"index, follow, max-snippet:-1, max-image-preview:large, max-video-preview:-1\" \/>\n<link rel=\"canonical\" href=\"https:\/\/jatic.se\/en\/referenser\/\" \/>\n<meta property=\"og:locale\" content=\"en_US\" \/>\n<meta property=\"og:type\" content=\"article\" \/>\n<meta property=\"og:title\" content=\"Referenser - Jatic\" \/>\n<meta property=\"og:description\" content=\"Referenser\" \/>\n<meta property=\"og:url\" content=\"https:\/\/jatic.se\/en\/referenser\/\" \/>\n<meta property=\"og:site_name\" content=\"Jatic\" \/>\n<meta property=\"article:modified_time\" content=\"2020-07-22T14:22:08+00:00\" \/>\n<meta name=\"twitter:card\" content=\"summary_large_image\" \/>\n<script type=\"application\/ld+json\" class=\"yoast-schema-graph\">{\"@context\":\"https:\\\/\\\/schema.org\",\"@graph\":[{\"@type\":\"WebPage\",\"@id\":\"https:\\\/\\\/jatic.se\\\/referenser\\\/\",\"url\":\"https:\\\/\\\/jatic.se\\\/referenser\\\/\",\"name\":\"Referenser - Jatic\",\"isPartOf\":{\"@id\":\"https:\\\/\\\/jatic.se\\\/#website\"},\"datePublished\":\"2020-06-28T10:56:01+00:00\",\"dateModified\":\"2020-07-22T14:22:08+00:00\",\"breadcrumb\":{\"@id\":\"https:\\\/\\\/jatic.se\\\/referenser\\\/#breadcrumb\"},\"inLanguage\":\"en-US\",\"potentialAction\":[{\"@type\":\"ReadAction\",\"target\":[\"https:\\\/\\\/jatic.se\\\/referenser\\\/\"]}]},{\"@type\":\"BreadcrumbList\",\"@id\":\"https:\\\/\\\/jatic.se\\\/referenser\\\/#breadcrumb\",\"itemListElement\":[{\"@type\":\"ListItem\",\"position\":1,\"name\":\"Home\",\"item\":\"https:\\\/\\\/jatic.se\\\/\"},{\"@type\":\"ListItem\",\"position\":2,\"name\":\"Referenser\"}]},{\"@type\":\"WebSite\",\"@id\":\"https:\\\/\\\/jatic.se\\\/#website\",\"url\":\"https:\\\/\\\/jatic.se\\\/\",\"name\":\"Jatic\",\"description\":\"Your global partner\",\"publisher\":{\"@id\":\"https:\\\/\\\/jatic.se\\\/#organization\"},\"potentialAction\":[{\"@type\":\"SearchAction\",\"target\":{\"@type\":\"EntryPoint\",\"urlTemplate\":\"https:\\\/\\\/jatic.se\\\/?s={search_term_string}\"},\"query-input\":{\"@type\":\"PropertyValueSpecification\",\"valueRequired\":true,\"valueName\":\"search_term_string\"}}],\"inLanguage\":\"en-US\"},{\"@type\":\"Organization\",\"@id\":\"https:\\\/\\\/jatic.se\\\/#organization\",\"name\":\"Jatic\",\"url\":\"https:\\\/\\\/jatic.se\\\/\",\"logo\":{\"@type\":\"ImageObject\",\"inLanguage\":\"en-US\",\"@id\":\"https:\\\/\\\/jatic.se\\\/#\\\/schema\\\/logo\\\/image\\\/\",\"url\":\"https:\\\/\\\/media.jatic.se\\\/2020\\\/06\\\/Logga-Mars-2019-1.png\",\"contentUrl\":\"https:\\\/\\\/media.jatic.se\\\/2020\\\/06\\\/Logga-Mars-2019-1.png\",\"width\":3141,\"height\":1178,\"caption\":\"Jatic\"},\"image\":{\"@id\":\"https:\\\/\\\/jatic.se\\\/#\\\/schema\\\/logo\\\/image\\\/\"}}]}<\/script>\n<!-- \/ Yoast SEO plugin. -->","yoast_head_json":{"title":"Referenser - Jatic","robots":{"index":"index","follow":"follow","max-snippet":"max-snippet:-1","max-image-preview":"max-image-preview:large","max-video-preview":"max-video-preview:-1"},"canonical":"https:\/\/jatic.se\/en\/referenser\/","og_locale":"en_US","og_type":"article","og_title":"Referenser - Jatic","og_description":"Referenser","og_url":"https:\/\/jatic.se\/en\/referenser\/","og_site_name":"Jatic","article_modified_time":"2020-07-22T14:22:08+00:00","twitter_card":"summary_large_image","schema":{"@context":"https:\/\/schema.org","@graph":[{"@type":"WebPage","@id":"https:\/\/jatic.se\/referenser\/","url":"https:\/\/jatic.se\/referenser\/","name":"Referenser - Jatic","isPartOf":{"@id":"https:\/\/jatic.se\/#website"},"datePublished":"2020-06-28T10:56:01+00:00","dateModified":"2020-07-22T14:22:08+00:00","breadcrumb":{"@id":"https:\/\/jatic.se\/referenser\/#breadcrumb"},"inLanguage":"en-US","potentialAction":[{"@type":"ReadAction","target":["https:\/\/jatic.se\/referenser\/"]}]},{"@type":"BreadcrumbList","@id":"https:\/\/jatic.se\/referenser\/#breadcrumb","itemListElement":[{"@type":"ListItem","position":1,"name":"Home","item":"https:\/\/jatic.se\/"},{"@type":"ListItem","position":2,"name":"Referenser"}]},{"@type":"WebSite","@id":"https:\/\/jatic.se\/#website","url":"https:\/\/jatic.se\/","name":"Jatic","description":"Your global partner","publisher":{"@id":"https:\/\/jatic.se\/#organization"},"potentialAction":[{"@type":"SearchAction","target":{"@type":"EntryPoint","urlTemplate":"https:\/\/jatic.se\/?s={search_term_string}"},"query-input":{"@type":"PropertyValueSpecification","valueRequired":true,"valueName":"search_term_string"}}],"inLanguage":"en-US"},{"@type":"Organization","@id":"https:\/\/jatic.se\/#organization","name":"Jatic","url":"https:\/\/jatic.se\/","logo":{"@type":"ImageObject","inLanguage":"en-US","@id":"https:\/\/jatic.se\/#\/schema\/logo\/image\/","url":"https:\/\/media.jatic.se\/2020\/06\/Logga-Mars-2019-1.png","contentUrl":"https:\/\/media.jatic.se\/2020\/06\/Logga-Mars-2019-1.png","width":3141,"height":1178,"caption":"Jatic"},"image":{"@id":"https:\/\/jatic.se\/#\/schema\/logo\/image\/"}}]}},"_links":{"self":[{"href":"https:\/\/jatic.se\/en\/wp-json\/wp\/v2\/pages\/77","targetHints":{"allow":["GET"]}}],"collection":[{"href":"https:\/\/jatic.se\/en\/wp-json\/wp\/v2\/pages"}],"about":[{"href":"https:\/\/jatic.se\/en\/wp-json\/wp\/v2\/types\/page"}],"author":[{"embeddable":true,"href":"https:\/\/jatic.se\/en\/wp-json\/wp\/v2\/users\/1"}],"replies":[{"embeddable":true,"href":"https:\/\/jatic.se\/en\/wp-json\/wp\/v2\/comments?post=77"}],"version-history":[{"count":5,"href":"https:\/\/jatic.se\/en\/wp-json\/wp\/v2\/pages\/77\/revisions"}],"predecessor-version":[{"id":704,"href":"https:\/\/jatic.se\/en\/wp-json\/wp\/v2\/pages\/77\/revisions\/704"}],"wp:attachment":[{"href":"https:\/\/jatic.se\/en\/wp-json\/wp\/v2\/media?parent=77"}],"curies":[{"name":"wp","href":"https:\/\/api.w.org\/{rel}","templated":true}]}}