{"id":83,"date":"2020-06-28T10:56:58","date_gmt":"2020-06-28T10:56:58","guid":{"rendered":"https:\/\/jatic.se\/?page_id=83"},"modified":"2024-01-20T13:21:37","modified_gmt":"2024-01-20T13:21:37","slug":"var-vardegrund","status":"publish","type":"page","link":"https:\/\/jatic.se\/en\/om-oss\/var-vardegrund\/","title":{"rendered":"Our values"},"content":{"rendered":"<div data-elementor-type=\"wp-page\" data-elementor-id=\"83\" class=\"elementor elementor-83\" data-elementor-post-type=\"page\">\n\t\t\t\t\t\t<section class=\"elementor-section elementor-top-section elementor-element elementor-element-f1c9a16 elementor-section-boxed elementor-section-height-default elementor-section-height-default\" data-id=\"f1c9a16\" data-element_type=\"section\" data-e-type=\"section\">\n\t\t\t\t\t\t<div class=\"elementor-container elementor-column-gap-default\">\n\t\t\t\t\t<div class=\"elementor-column elementor-col-100 elementor-top-column elementor-element elementor-element-0229546\" data-id=\"0229546\" data-element_type=\"column\" data-e-type=\"column\">\n\t\t\t<div class=\"elementor-widget-wrap elementor-element-populated\">\n\t\t\t\t\t\t<div class=\"elementor-element elementor-element-08bfb5f elementor-widget elementor-widget-heading\" data-id=\"08bfb5f\" data-element_type=\"widget\" data-e-type=\"widget\" data-widget_type=\"heading.default\">\n\t\t\t\t<div class=\"elementor-widget-container\">\n\t\t\t\t\t<h1 class=\"elementor-heading-title elementor-size-large\">Our values<\/h1>\t\t\t\t<\/div>\n\t\t\t\t<\/div>\n\t\t\t\t\t<\/div>\n\t\t<\/div>\n\t\t\t\t\t<\/div>\n\t\t<\/section>\n\t\t\t\t<section class=\"elementor-section elementor-top-section elementor-element elementor-element-03a2dad elementor-section-boxed elementor-section-height-default elementor-section-height-default\" data-id=\"03a2dad\" data-element_type=\"section\" data-e-type=\"section\">\n\t\t\t\t\t\t<div class=\"elementor-container elementor-column-gap-default\">\n\t\t\t\t\t<div class=\"elementor-column elementor-col-100 elementor-top-column elementor-element elementor-element-22298ce\" data-id=\"22298ce\" data-element_type=\"column\" data-e-type=\"column\">\n\t\t\t<div class=\"elementor-widget-wrap elementor-element-populated\">\n\t\t\t\t\t\t<section class=\"elementor-section elementor-inner-section elementor-element elementor-element-d9a81b4 elementor-section-boxed elementor-section-height-default elementor-section-height-default\" data-id=\"d9a81b4\" data-element_type=\"section\" data-e-type=\"section\">\n\t\t\t\t\t\t<div class=\"elementor-container elementor-column-gap-default\">\n\t\t\t\t\t<div class=\"elementor-column elementor-col-100 elementor-inner-column elementor-element elementor-element-17ab733\" data-id=\"17ab733\" data-element_type=\"column\" data-e-type=\"column\">\n\t\t\t<div class=\"elementor-widget-wrap elementor-element-populated\">\n\t\t\t\t\t\t<div class=\"elementor-element elementor-element-6392864 elementor-widget elementor-widget-text-editor\" data-id=\"6392864\" data-element_type=\"widget\" data-e-type=\"widget\" data-widget_type=\"text-editor.default\">\n\t\t\t\t<div class=\"elementor-widget-container\">\n\t\t\t\t\t\t\t\t\t<p><strong>Our values<\/strong><br \/>Honest, Developing, Quality and Reliable - these are our values on which the Jatic brand is based. Our values describe how we are as people, what we stand for and how we work in all parts of our business.<\/p><p><strong>Honest<\/strong><br \/>We are a medium-sized company and want good cooperation with our customers. We often ask an extra counter-question to the customer before the assignment to ensure the right resource for the right work. If we do not have the right resources available, we would rather say no to an assignment than do a worse job for the customer. Customers should feel safe with us in all walks of life with short decision paths and be sensitive to customers' interests. You who have met the management at Jatic and our supervisors know what we stand for our word holds it.<\/p>\t\t\t\t\t\t\t\t<\/div>\n\t\t\t\t<\/div>\n\t\t\t\t\t<\/div>\n\t\t<\/div>\n\t\t\t\t\t<\/div>\n\t\t<\/section>\n\t\t\t\t<section class=\"elementor-section elementor-inner-section elementor-element elementor-element-af1579b elementor-section-boxed elementor-section-height-default elementor-section-height-default\" data-id=\"af1579b\" data-element_type=\"section\" data-e-type=\"section\">\n\t\t\t\t\t\t<div class=\"elementor-container elementor-column-gap-default\">\n\t\t\t\t\t<div class=\"elementor-column elementor-col-100 elementor-inner-column elementor-element elementor-element-562d273\" data-id=\"562d273\" data-element_type=\"column\" data-e-type=\"column\">\n\t\t\t<div class=\"elementor-widget-wrap elementor-element-populated\">\n\t\t\t\t\t\t<div class=\"elementor-element elementor-element-929a99d elementor-widget elementor-widget-text-editor\" data-id=\"929a99d\" data-element_type=\"widget\" data-e-type=\"widget\" data-widget_type=\"text-editor.default\">\n\t\t\t\t<div class=\"elementor-widget-container\">\n\t\t\t\t\t\t\t\t\t<p><strong>Developing<\/strong><br>We must be flexible for our customers but also internally as well and constantly improve ourselves. We still have drive and innovation for sustainable societal development. We will take advantage of our employees' skills and offer good opportunities for development and training. We are very responsive where all suggestions for improvement are welcome from both customers and our own employees. To the right is a picture of our IS-sticks that we have mounted in our office and means very low energy consumption and environmentally friendly.<\/p>\t\t\t\t\t\t\t\t<\/div>\n\t\t\t\t<\/div>\n\t\t\t\t\t<\/div>\n\t\t<\/div>\n\t\t\t\t\t<\/div>\n\t\t<\/section>\n\t\t\t\t<section class=\"elementor-section elementor-inner-section elementor-element elementor-element-89c042f elementor-section-boxed elementor-section-height-default elementor-section-height-default\" data-id=\"89c042f\" data-element_type=\"section\" data-e-type=\"section\">\n\t\t\t\t\t\t<div class=\"elementor-container elementor-column-gap-default\">\n\t\t\t\t\t<div class=\"elementor-column elementor-col-100 elementor-inner-column elementor-element elementor-element-d40fe79\" data-id=\"d40fe79\" data-element_type=\"column\" data-e-type=\"column\">\n\t\t\t<div class=\"elementor-widget-wrap elementor-element-populated\">\n\t\t\t\t\t\t<div class=\"elementor-element elementor-element-bba633c elementor-widget elementor-widget-text-editor\" data-id=\"bba633c\" data-element_type=\"widget\" data-e-type=\"widget\" data-widget_type=\"text-editor.default\">\n\t\t\t\t<div class=\"elementor-widget-container\">\n\t\t\t\t\t\t\t\t\t<p><strong>Quality<\/strong><br \/>We must be the company to trust, that if we take on a task, we deliver everything from start to finish. That the workers do their utmost to do a good job and at the same time be nice and clean up after themselves so that the whole is good and that the customer experience is top notch. That we are honest throughout the project and constant dialogue with our customers and suppliers. In this way, we will create and maintain long-term and good relationships. To deliver quality is also to understand the customer and to perform work according to expected results.<\/p>\t\t\t\t\t\t\t\t<\/div>\n\t\t\t\t<\/div>\n\t\t\t\t\t<\/div>\n\t\t<\/div>\n\t\t\t\t\t<\/div>\n\t\t<\/section>\n\t\t\t\t<section class=\"elementor-section elementor-inner-section elementor-element elementor-element-4b6f332 elementor-section-boxed elementor-section-height-default elementor-section-height-default\" data-id=\"4b6f332\" data-element_type=\"section\" data-e-type=\"section\">\n\t\t\t\t\t\t<div class=\"elementor-container elementor-column-gap-default\">\n\t\t\t\t\t<div class=\"elementor-column elementor-col-100 elementor-inner-column elementor-element elementor-element-cd75e07\" data-id=\"cd75e07\" data-element_type=\"column\" data-e-type=\"column\">\n\t\t\t<div class=\"elementor-widget-wrap elementor-element-populated\">\n\t\t\t\t\t\t<div class=\"elementor-element elementor-element-ae198c0 elementor-widget elementor-widget-text-editor\" data-id=\"ae198c0\" data-element_type=\"widget\" data-e-type=\"widget\" data-widget_type=\"text-editor.default\">\n\t\t\t\t<div class=\"elementor-widget-container\">\n\t\t\t\t\t\t\t\t\t<p><strong>Reliable<\/strong><br \/>We keep our word and we know our stuff in Industry and the ventilation sector with long experience. Customers should feel safe when they hire us. Our craftsmen have good skills and professional skills in each business area. We try our best to have good planning and do the right thing from the beginning. To keep schedules, we can with our experience from small to large projects eliminate many risks. We comply with laws and requirements and always carry ID06 on us on our projects.<\/p>\t\t\t\t\t\t\t\t<\/div>\n\t\t\t\t<\/div>\n\t\t\t\t\t<\/div>\n\t\t<\/div>\n\t\t\t\t\t<\/div>\n\t\t<\/section>\n\t\t\t\t\t<\/div>\n\t\t<\/div>\n\t\t\t\t\t<\/div>\n\t\t<\/section>\n\t\t\t\t<\/div>","protected":false},"excerpt":{"rendered":"<p>V\u00e5r v\u00e4rdegrund V\u00e4rdegrund\u00c4rliga, Utvecklande, Kvalitet och P\u00e5litliga \u2013 detta \u00e4r v\u00e5r v\u00e4rdegrund som Jatic varum\u00e4rke bygger p\u00e5. V\u00e5r v\u00e4rdegrund beskriver hur vi \u00e4r som personer, vad vi st\u00e5r f\u00f6r och hur vi jobbar i alla delar av v\u00e5r verksamhet. \u00c4rligaVi \u00e4r ett mellanstort f\u00f6retag och vill ha bra samarbete med v\u00e5ra kunder. Vi brukar ofta [&hellip;]<\/p>\n","protected":false},"author":1,"featured_media":0,"parent":71,"menu_order":0,"comment_status":"closed","ping_status":"closed","template":"","meta":{"_exactmetrics_skip_tracking":false,"_exactmetrics_sitenote_active":false,"_exactmetrics_sitenote_note":"","_exactmetrics_sitenote_category":0,"footnotes":""},"class_list":["post-83","page","type-page","status-publish","hentry"],"yoast_head":"<!-- This site is optimized with the Yoast SEO plugin v27.5 - https:\/\/yoast.com\/product\/yoast-seo-wordpress\/ -->\n<title>V\u00e5r v\u00e4rdegrund - Jatic<\/title>\n<meta name=\"robots\" content=\"index, follow, max-snippet:-1, max-image-preview:large, max-video-preview:-1\" \/>\n<link rel=\"canonical\" href=\"https:\/\/jatic.se\/en\/om-oss\/var-vardegrund\/\" \/>\n<meta property=\"og:locale\" content=\"en_US\" \/>\n<meta property=\"og:type\" content=\"article\" \/>\n<meta property=\"og:title\" content=\"V\u00e5r v\u00e4rdegrund - Jatic\" \/>\n<meta property=\"og:description\" content=\"V\u00e5r v\u00e4rdegrund V\u00e4rdegrund\u00c4rliga, Utvecklande, Kvalitet och P\u00e5litliga \u2013 detta \u00e4r v\u00e5r v\u00e4rdegrund som Jatic varum\u00e4rke bygger p\u00e5. V\u00e5r v\u00e4rdegrund beskriver hur vi \u00e4r som personer, vad vi st\u00e5r f\u00f6r och hur vi jobbar i alla delar av v\u00e5r verksamhet. \u00c4rligaVi \u00e4r ett mellanstort f\u00f6retag och vill ha bra samarbete med v\u00e5ra kunder. Vi brukar ofta [&hellip;]\" \/>\n<meta property=\"og:url\" content=\"https:\/\/jatic.se\/en\/om-oss\/var-vardegrund\/\" \/>\n<meta property=\"og:site_name\" content=\"Jatic\" \/>\n<meta property=\"article:modified_time\" content=\"2024-01-20T13:21:37+00:00\" \/>\n<meta name=\"twitter:card\" content=\"summary_large_image\" \/>\n<meta name=\"twitter:label1\" content=\"Est. reading time\" \/>\n\t<meta name=\"twitter:data1\" content=\"2 minutes\" \/>\n<script type=\"application\/ld+json\" class=\"yoast-schema-graph\">{\"@context\":\"https:\\\/\\\/schema.org\",\"@graph\":[{\"@type\":\"WebPage\",\"@id\":\"https:\\\/\\\/jatic.se\\\/om-oss\\\/var-vardegrund\\\/\",\"url\":\"https:\\\/\\\/jatic.se\\\/om-oss\\\/var-vardegrund\\\/\",\"name\":\"V\u00e5r v\u00e4rdegrund - Jatic\",\"isPartOf\":{\"@id\":\"https:\\\/\\\/jatic.se\\\/#website\"},\"datePublished\":\"2020-06-28T10:56:58+00:00\",\"dateModified\":\"2024-01-20T13:21:37+00:00\",\"breadcrumb\":{\"@id\":\"https:\\\/\\\/jatic.se\\\/om-oss\\\/var-vardegrund\\\/#breadcrumb\"},\"inLanguage\":\"en-US\",\"potentialAction\":[{\"@type\":\"ReadAction\",\"target\":[\"https:\\\/\\\/jatic.se\\\/om-oss\\\/var-vardegrund\\\/\"]}]},{\"@type\":\"BreadcrumbList\",\"@id\":\"https:\\\/\\\/jatic.se\\\/om-oss\\\/var-vardegrund\\\/#breadcrumb\",\"itemListElement\":[{\"@type\":\"ListItem\",\"position\":1,\"name\":\"Home\",\"item\":\"https:\\\/\\\/jatic.se\\\/\"},{\"@type\":\"ListItem\",\"position\":2,\"name\":\"Om oss\",\"item\":\"https:\\\/\\\/jatic.se\\\/om-oss\\\/\"},{\"@type\":\"ListItem\",\"position\":3,\"name\":\"V\u00e5r v\u00e4rdegrund\"}]},{\"@type\":\"WebSite\",\"@id\":\"https:\\\/\\\/jatic.se\\\/#website\",\"url\":\"https:\\\/\\\/jatic.se\\\/\",\"name\":\"Jatic\",\"description\":\"Your global partner\",\"publisher\":{\"@id\":\"https:\\\/\\\/jatic.se\\\/#organization\"},\"potentialAction\":[{\"@type\":\"SearchAction\",\"target\":{\"@type\":\"EntryPoint\",\"urlTemplate\":\"https:\\\/\\\/jatic.se\\\/?s={search_term_string}\"},\"query-input\":{\"@type\":\"PropertyValueSpecification\",\"valueRequired\":true,\"valueName\":\"search_term_string\"}}],\"inLanguage\":\"en-US\"},{\"@type\":\"Organization\",\"@id\":\"https:\\\/\\\/jatic.se\\\/#organization\",\"name\":\"Jatic\",\"url\":\"https:\\\/\\\/jatic.se\\\/\",\"logo\":{\"@type\":\"ImageObject\",\"inLanguage\":\"en-US\",\"@id\":\"https:\\\/\\\/jatic.se\\\/#\\\/schema\\\/logo\\\/image\\\/\",\"url\":\"https:\\\/\\\/media.jatic.se\\\/2020\\\/06\\\/Logga-Mars-2019-1.png\",\"contentUrl\":\"https:\\\/\\\/media.jatic.se\\\/2020\\\/06\\\/Logga-Mars-2019-1.png\",\"width\":3141,\"height\":1178,\"caption\":\"Jatic\"},\"image\":{\"@id\":\"https:\\\/\\\/jatic.se\\\/#\\\/schema\\\/logo\\\/image\\\/\"}}]}<\/script>\n<!-- \/ Yoast SEO plugin. -->","yoast_head_json":{"title":"V\u00e5r v\u00e4rdegrund - Jatic","robots":{"index":"index","follow":"follow","max-snippet":"max-snippet:-1","max-image-preview":"max-image-preview:large","max-video-preview":"max-video-preview:-1"},"canonical":"https:\/\/jatic.se\/en\/om-oss\/var-vardegrund\/","og_locale":"en_US","og_type":"article","og_title":"V\u00e5r v\u00e4rdegrund - Jatic","og_description":"V\u00e5r v\u00e4rdegrund V\u00e4rdegrund\u00c4rliga, Utvecklande, Kvalitet och P\u00e5litliga \u2013 detta \u00e4r v\u00e5r v\u00e4rdegrund som Jatic varum\u00e4rke bygger p\u00e5. V\u00e5r v\u00e4rdegrund beskriver hur vi \u00e4r som personer, vad vi st\u00e5r f\u00f6r och hur vi jobbar i alla delar av v\u00e5r verksamhet. \u00c4rligaVi \u00e4r ett mellanstort f\u00f6retag och vill ha bra samarbete med v\u00e5ra kunder. Vi brukar ofta [&hellip;]","og_url":"https:\/\/jatic.se\/en\/om-oss\/var-vardegrund\/","og_site_name":"Jatic","article_modified_time":"2024-01-20T13:21:37+00:00","twitter_card":"summary_large_image","twitter_misc":{"Est. reading time":"2 minutes"},"schema":{"@context":"https:\/\/schema.org","@graph":[{"@type":"WebPage","@id":"https:\/\/jatic.se\/om-oss\/var-vardegrund\/","url":"https:\/\/jatic.se\/om-oss\/var-vardegrund\/","name":"V\u00e5r v\u00e4rdegrund - Jatic","isPartOf":{"@id":"https:\/\/jatic.se\/#website"},"datePublished":"2020-06-28T10:56:58+00:00","dateModified":"2024-01-20T13:21:37+00:00","breadcrumb":{"@id":"https:\/\/jatic.se\/om-oss\/var-vardegrund\/#breadcrumb"},"inLanguage":"en-US","potentialAction":[{"@type":"ReadAction","target":["https:\/\/jatic.se\/om-oss\/var-vardegrund\/"]}]},{"@type":"BreadcrumbList","@id":"https:\/\/jatic.se\/om-oss\/var-vardegrund\/#breadcrumb","itemListElement":[{"@type":"ListItem","position":1,"name":"Home","item":"https:\/\/jatic.se\/"},{"@type":"ListItem","position":2,"name":"Om oss","item":"https:\/\/jatic.se\/om-oss\/"},{"@type":"ListItem","position":3,"name":"V\u00e5r v\u00e4rdegrund"}]},{"@type":"WebSite","@id":"https:\/\/jatic.se\/#website","url":"https:\/\/jatic.se\/","name":"Jatic","description":"Your global partner","publisher":{"@id":"https:\/\/jatic.se\/#organization"},"potentialAction":[{"@type":"SearchAction","target":{"@type":"EntryPoint","urlTemplate":"https:\/\/jatic.se\/?s={search_term_string}"},"query-input":{"@type":"PropertyValueSpecification","valueRequired":true,"valueName":"search_term_string"}}],"inLanguage":"en-US"},{"@type":"Organization","@id":"https:\/\/jatic.se\/#organization","name":"Jatic","url":"https:\/\/jatic.se\/","logo":{"@type":"ImageObject","inLanguage":"en-US","@id":"https:\/\/jatic.se\/#\/schema\/logo\/image\/","url":"https:\/\/media.jatic.se\/2020\/06\/Logga-Mars-2019-1.png","contentUrl":"https:\/\/media.jatic.se\/2020\/06\/Logga-Mars-2019-1.png","width":3141,"height":1178,"caption":"Jatic"},"image":{"@id":"https:\/\/jatic.se\/#\/schema\/logo\/image\/"}}]}},"_links":{"self":[{"href":"https:\/\/jatic.se\/en\/wp-json\/wp\/v2\/pages\/83","targetHints":{"allow":["GET"]}}],"collection":[{"href":"https:\/\/jatic.se\/en\/wp-json\/wp\/v2\/pages"}],"about":[{"href":"https:\/\/jatic.se\/en\/wp-json\/wp\/v2\/types\/page"}],"author":[{"embeddable":true,"href":"https:\/\/jatic.se\/en\/wp-json\/wp\/v2\/users\/1"}],"replies":[{"embeddable":true,"href":"https:\/\/jatic.se\/en\/wp-json\/wp\/v2\/comments?post=83"}],"version-history":[{"count":5,"href":"https:\/\/jatic.se\/en\/wp-json\/wp\/v2\/pages\/83\/revisions"}],"predecessor-version":[{"id":1345,"href":"https:\/\/jatic.se\/en\/wp-json\/wp\/v2\/pages\/83\/revisions\/1345"}],"up":[{"embeddable":true,"href":"https:\/\/jatic.se\/en\/wp-json\/wp\/v2\/pages\/71"}],"wp:attachment":[{"href":"https:\/\/jatic.se\/en\/wp-json\/wp\/v2\/media?parent=83"}],"curies":[{"name":"wp","href":"https:\/\/api.w.org\/{rel}","templated":true}]}}