{"id":87,"date":"2020-06-28T10:57:33","date_gmt":"2020-06-28T10:57:33","guid":{"rendered":"https:\/\/jatic.se\/?page_id=87"},"modified":"2024-01-23T14:52:05","modified_gmt":"2024-01-23T13:52:05","slug":"utbildningar","status":"publish","type":"page","link":"https:\/\/jatic.se\/en\/om-oss\/utbildningar\/","title":{"rendered":"Qualifications"},"content":{"rendered":"<div data-elementor-type=\"wp-page\" data-elementor-id=\"87\" class=\"elementor elementor-87\" data-elementor-post-type=\"page\">\n\t\t\t\t\t\t<section class=\"elementor-section elementor-top-section elementor-element elementor-element-d03b2e5 elementor-section-boxed elementor-section-height-default elementor-section-height-default\" data-id=\"d03b2e5\" data-element_type=\"section\" data-e-type=\"section\">\n\t\t\t\t\t\t<div class=\"elementor-container elementor-column-gap-default\">\n\t\t\t\t\t<div class=\"elementor-column elementor-col-100 elementor-top-column elementor-element elementor-element-0bf6a85\" data-id=\"0bf6a85\" data-element_type=\"column\" data-e-type=\"column\">\n\t\t\t<div class=\"elementor-widget-wrap elementor-element-populated\">\n\t\t\t\t\t\t<div class=\"elementor-element elementor-element-342c77d elementor-widget elementor-widget-heading\" data-id=\"342c77d\" data-element_type=\"widget\" data-e-type=\"widget\" data-widget_type=\"heading.default\">\n\t\t\t\t<div class=\"elementor-widget-container\">\n\t\t\t\t\t<h1 class=\"elementor-heading-title elementor-size-large\">Qualifications<\/h1>\t\t\t\t<\/div>\n\t\t\t\t<\/div>\n\t\t\t\t<div class=\"elementor-element elementor-element-de5279c elementor-widget elementor-widget-text-editor\" data-id=\"de5279c\" data-element_type=\"widget\" data-e-type=\"widget\" data-widget_type=\"text-editor.default\">\n\t\t\t\t<div class=\"elementor-widget-container\">\n\t\t\t\t\t\t\t\t\tOur staff is trained in all the necessary training to perform our services in a safe and smooth manner. <br>Below is a list of some of these educations and what they mean.\t\t\t\t\t\t\t\t<\/div>\n\t\t\t\t<\/div>\n\t\t\t\t\t<\/div>\n\t\t<\/div>\n\t\t\t\t\t<\/div>\n\t\t<\/section>\n\t\t\t\t<section class=\"elementor-section elementor-top-section elementor-element elementor-element-75e5dd1 elementor-section-boxed elementor-section-height-default elementor-section-height-default\" data-id=\"75e5dd1\" data-element_type=\"section\" data-e-type=\"section\">\n\t\t\t\t\t\t<div class=\"elementor-container elementor-column-gap-default\">\n\t\t\t\t\t<div class=\"elementor-column elementor-col-100 elementor-top-column elementor-element elementor-element-57c3dab\" data-id=\"57c3dab\" data-element_type=\"column\" data-e-type=\"column\">\n\t\t\t<div class=\"elementor-widget-wrap elementor-element-populated\">\n\t\t\t\t\t\t<section class=\"elementor-section elementor-inner-section elementor-element elementor-element-90ef1d6 elementor-section-boxed elementor-section-height-default elementor-section-height-default\" data-id=\"90ef1d6\" data-element_type=\"section\" data-e-type=\"section\">\n\t\t\t\t\t\t<div class=\"elementor-container elementor-column-gap-default\">\n\t\t\t\t\t<div class=\"elementor-column elementor-col-50 elementor-inner-column elementor-element elementor-element-190fcbb\" data-id=\"190fcbb\" data-element_type=\"column\" data-e-type=\"column\">\n\t\t\t<div class=\"elementor-widget-wrap elementor-element-populated\">\n\t\t\t\t\t\t<div class=\"elementor-element elementor-element-d2bf84b elementor-widget elementor-widget-image\" data-id=\"d2bf84b\" data-element_type=\"widget\" data-e-type=\"widget\" data-widget_type=\"image.default\">\n\t\t\t\t<div class=\"elementor-widget-container\">\n\t\t\t\t\t\t\t\t\t\t\t\t\t\t\t<img fetchpriority=\"high\" decoding=\"async\" width=\"300\" height=\"300\" src=\"https:\/\/jatic.se\/wp-content\/uploads\/2020\/07\/fallskyddsutbildning.png\" class=\"attachment-large size-large wp-image-649\" alt=\"\" srcset=\"https:\/\/jatic.se\/wp-content\/uploads\/2020\/07\/fallskyddsutbildning.png 300w, https:\/\/jatic.se\/wp-content\/uploads\/2020\/07\/fallskyddsutbildning-150x150.png 150w\" sizes=\"(max-width: 300px) 100vw, 300px\" \/>\t\t\t\t\t\t\t\t\t\t\t\t\t\t\t<\/div>\n\t\t\t\t<\/div>\n\t\t\t\t\t<\/div>\n\t\t<\/div>\n\t\t\t\t<div class=\"elementor-column elementor-col-50 elementor-inner-column elementor-element elementor-element-9b8c1aa\" data-id=\"9b8c1aa\" data-element_type=\"column\" data-e-type=\"column\">\n\t\t\t<div class=\"elementor-widget-wrap elementor-element-populated\">\n\t\t\t\t\t\t<div class=\"elementor-element elementor-element-e766f55 elementor-widget elementor-widget-text-editor\" data-id=\"e766f55\" data-element_type=\"widget\" data-e-type=\"widget\" data-widget_type=\"text-editor.default\">\n\t\t\t\t<div class=\"elementor-widget-container\">\n\t\t\t\t\t\t\t\t\t<p><strong>Fall Protection Training<\/strong><\/p><p>The training is aimed at everyone who works on roofs or other heights, as well as supervisors and managers who have a work environment responsibility for the people who work above ground<\/p>\t\t\t\t\t\t\t\t<\/div>\n\t\t\t\t<\/div>\n\t\t\t\t\t<\/div>\n\t\t<\/div>\n\t\t\t\t\t<\/div>\n\t\t<\/section>\n\t\t\t\t<section class=\"elementor-section elementor-inner-section elementor-element elementor-element-7b1f701 elementor-section-boxed elementor-section-height-default elementor-section-height-default\" data-id=\"7b1f701\" data-element_type=\"section\" data-e-type=\"section\">\n\t\t\t\t\t\t<div class=\"elementor-container elementor-column-gap-default\">\n\t\t\t\t\t<div class=\"elementor-column elementor-col-50 elementor-inner-column elementor-element elementor-element-2220bb1\" data-id=\"2220bb1\" data-element_type=\"column\" data-e-type=\"column\">\n\t\t\t<div class=\"elementor-widget-wrap elementor-element-populated\">\n\t\t\t\t\t\t<div class=\"elementor-element elementor-element-02a20ab elementor-widget elementor-widget-image\" data-id=\"02a20ab\" data-element_type=\"widget\" data-e-type=\"widget\" data-widget_type=\"image.default\">\n\t\t\t\t<div class=\"elementor-widget-container\">\n\t\t\t\t\t\t\t\t\t\t\t\t\t\t\t<img decoding=\"async\" width=\"300\" height=\"300\" src=\"https:\/\/jatic.se\/wp-content\/uploads\/2020\/07\/liftutbildning.png\" class=\"attachment-large size-large wp-image-650\" alt=\"\" srcset=\"https:\/\/jatic.se\/wp-content\/uploads\/2020\/07\/liftutbildning.png 300w, https:\/\/jatic.se\/wp-content\/uploads\/2020\/07\/liftutbildning-150x150.png 150w\" sizes=\"(max-width: 300px) 100vw, 300px\" \/>\t\t\t\t\t\t\t\t\t\t\t\t\t\t\t<\/div>\n\t\t\t\t<\/div>\n\t\t\t\t\t<\/div>\n\t\t<\/div>\n\t\t\t\t<div class=\"elementor-column elementor-col-50 elementor-inner-column elementor-element elementor-element-a8a2591\" data-id=\"a8a2591\" data-element_type=\"column\" data-e-type=\"column\">\n\t\t\t<div class=\"elementor-widget-wrap elementor-element-populated\">\n\t\t\t\t\t\t<div class=\"elementor-element elementor-element-3f6bfb2 elementor-widget elementor-widget-text-editor\" data-id=\"3f6bfb2\" data-element_type=\"widget\" data-e-type=\"widget\" data-widget_type=\"text-editor.default\">\n\t\t\t\t<div class=\"elementor-widget-container\">\n\t\t\t\t\t\t\t\t\t<p><strong>Lift Training<\/strong><\/p><p>The training goes through work environment laws as well as the lift's structure, operation, maneuvering, properties, area of use, limitations, maintenance and control.<\/p>\t\t\t\t\t\t\t\t<\/div>\n\t\t\t\t<\/div>\n\t\t\t\t\t<\/div>\n\t\t<\/div>\n\t\t\t\t\t<\/div>\n\t\t<\/section>\n\t\t\t\t<section class=\"elementor-section elementor-inner-section elementor-element elementor-element-04c463c elementor-section-boxed elementor-section-height-default elementor-section-height-default\" data-id=\"04c463c\" data-element_type=\"section\" data-e-type=\"section\">\n\t\t\t\t\t\t<div class=\"elementor-container elementor-column-gap-default\">\n\t\t\t\t\t<div class=\"elementor-column elementor-col-50 elementor-inner-column elementor-element elementor-element-4368ba3\" data-id=\"4368ba3\" data-element_type=\"column\" data-e-type=\"column\">\n\t\t\t<div class=\"elementor-widget-wrap elementor-element-populated\">\n\t\t\t\t\t\t<div class=\"elementor-element elementor-element-8508438 elementor-widget elementor-widget-image\" data-id=\"8508438\" data-element_type=\"widget\" data-e-type=\"widget\" data-widget_type=\"image.default\">\n\t\t\t\t<div class=\"elementor-widget-container\">\n\t\t\t\t\t\t\t\t\t\t\t\t\t\t\t<img decoding=\"async\" width=\"300\" height=\"300\" src=\"https:\/\/jatic.se\/wp-content\/uploads\/2024\/01\/ssg.png\" class=\"attachment-large size-large wp-image-1647\" alt=\"\" srcset=\"https:\/\/jatic.se\/wp-content\/uploads\/2024\/01\/ssg.png 300w, https:\/\/jatic.se\/wp-content\/uploads\/2024\/01\/ssg-150x150.png 150w, https:\/\/jatic.se\/wp-content\/uploads\/2024\/01\/ssg-12x12.png 12w\" sizes=\"(max-width: 300px) 100vw, 300px\" \/>\t\t\t\t\t\t\t\t\t\t\t\t\t\t\t<\/div>\n\t\t\t\t<\/div>\n\t\t\t\t\t<\/div>\n\t\t<\/div>\n\t\t\t\t<div class=\"elementor-column elementor-col-50 elementor-inner-column elementor-element elementor-element-40afa1d\" data-id=\"40afa1d\" data-element_type=\"column\" data-e-type=\"column\">\n\t\t\t<div class=\"elementor-widget-wrap elementor-element-populated\">\n\t\t\t\t\t\t<div class=\"elementor-element elementor-element-6728ee9 elementor-widget elementor-widget-text-editor\" data-id=\"6728ee9\" data-element_type=\"widget\" data-e-type=\"widget\" data-widget_type=\"text-editor.default\">\n\t\t\t\t<div class=\"elementor-widget-container\">\n\t\t\t\t\t\t\t\t\t<p><strong>SSG<\/strong><\/p><p>Our staff hold SSG-Entr\u00e9 certification, as well as extensive safety training required by most industries in Sweden.<\/p>\t\t\t\t\t\t\t\t<\/div>\n\t\t\t\t<\/div>\n\t\t\t\t\t<\/div>\n\t\t<\/div>\n\t\t\t\t\t<\/div>\n\t\t<\/section>\n\t\t\t\t<section class=\"elementor-section elementor-inner-section elementor-element elementor-element-e88cb4c elementor-section-boxed elementor-section-height-default elementor-section-height-default\" data-id=\"e88cb4c\" data-element_type=\"section\" data-e-type=\"section\">\n\t\t\t\t\t\t<div class=\"elementor-container elementor-column-gap-default\">\n\t\t\t\t\t<div class=\"elementor-column elementor-col-50 elementor-inner-column elementor-element elementor-element-1bd563c\" data-id=\"1bd563c\" data-element_type=\"column\" data-e-type=\"column\">\n\t\t\t<div class=\"elementor-widget-wrap elementor-element-populated\">\n\t\t\t\t\t\t<div class=\"elementor-element elementor-element-a5a4aea elementor-widget elementor-widget-image\" data-id=\"a5a4aea\" data-element_type=\"widget\" data-e-type=\"widget\" data-widget_type=\"image.default\">\n\t\t\t\t<div class=\"elementor-widget-container\">\n\t\t\t\t\t\t\t\t\t\t\t\t\t\t\t<img loading=\"lazy\" decoding=\"async\" width=\"300\" height=\"300\" src=\"https:\/\/jatic.se\/wp-content\/uploads\/2024\/01\/buc.png\" class=\"attachment-large size-large wp-image-1648\" alt=\"\" srcset=\"https:\/\/jatic.se\/wp-content\/uploads\/2024\/01\/buc.png 300w, https:\/\/jatic.se\/wp-content\/uploads\/2024\/01\/buc-150x150.png 150w, https:\/\/jatic.se\/wp-content\/uploads\/2024\/01\/buc-12x12.png 12w\" sizes=\"(max-width: 300px) 100vw, 300px\" \/>\t\t\t\t\t\t\t\t\t\t\t\t\t\t\t<\/div>\n\t\t\t\t<\/div>\n\t\t\t\t\t<\/div>\n\t\t<\/div>\n\t\t\t\t<div class=\"elementor-column elementor-col-50 elementor-inner-column elementor-element elementor-element-e7ae52b\" data-id=\"e7ae52b\" data-element_type=\"column\" data-e-type=\"column\">\n\t\t\t<div class=\"elementor-widget-wrap elementor-element-populated\">\n\t\t\t\t\t\t<div class=\"elementor-element elementor-element-c06bdf0 elementor-widget elementor-widget-text-editor\" data-id=\"c06bdf0\" data-element_type=\"widget\" data-e-type=\"widget\" data-widget_type=\"text-editor.default\">\n\t\t\t\t<div class=\"elementor-widget-container\">\n\t\t\t\t\t\t\t\t\t<p><strong>Safe Construction<\/strong><\/p><p>Most of our staff have completed this safety training, which grants access to construction sites in Sweden.<\/p>\t\t\t\t\t\t\t\t<\/div>\n\t\t\t\t<\/div>\n\t\t\t\t\t<\/div>\n\t\t<\/div>\n\t\t\t\t\t<\/div>\n\t\t<\/section>\n\t\t\t\t<section class=\"elementor-section elementor-inner-section elementor-element elementor-element-44b81c2 elementor-section-boxed elementor-section-height-default elementor-section-height-default\" data-id=\"44b81c2\" data-element_type=\"section\" data-e-type=\"section\">\n\t\t\t\t\t\t<div class=\"elementor-container elementor-column-gap-default\">\n\t\t\t\t\t<div class=\"elementor-column elementor-col-50 elementor-inner-column elementor-element elementor-element-2acb418\" data-id=\"2acb418\" data-element_type=\"column\" data-e-type=\"column\">\n\t\t\t<div class=\"elementor-widget-wrap elementor-element-populated\">\n\t\t\t\t\t\t<div class=\"elementor-element elementor-element-1d16f6e elementor-widget elementor-widget-image\" data-id=\"1d16f6e\" data-element_type=\"widget\" data-e-type=\"widget\" data-widget_type=\"image.default\">\n\t\t\t\t<div class=\"elementor-widget-container\">\n\t\t\t\t\t\t\t\t\t\t\t\t\t\t\t<img loading=\"lazy\" decoding=\"async\" width=\"300\" height=\"300\" src=\"https:\/\/jatic.se\/wp-content\/uploads\/2024\/01\/heta.png\" class=\"attachment-large size-large wp-image-1649\" alt=\"\" srcset=\"https:\/\/jatic.se\/wp-content\/uploads\/2024\/01\/heta.png 300w, https:\/\/jatic.se\/wp-content\/uploads\/2024\/01\/heta-150x150.png 150w, https:\/\/jatic.se\/wp-content\/uploads\/2024\/01\/heta-12x12.png 12w\" sizes=\"(max-width: 300px) 100vw, 300px\" \/>\t\t\t\t\t\t\t\t\t\t\t\t\t\t\t<\/div>\n\t\t\t\t<\/div>\n\t\t\t\t\t<\/div>\n\t\t<\/div>\n\t\t\t\t<div class=\"elementor-column elementor-col-50 elementor-inner-column elementor-element elementor-element-82a50b6\" data-id=\"82a50b6\" data-element_type=\"column\" data-e-type=\"column\">\n\t\t\t<div class=\"elementor-widget-wrap elementor-element-populated\">\n\t\t\t\t\t\t<div class=\"elementor-element elementor-element-702d75d elementor-widget elementor-widget-text-editor\" data-id=\"702d75d\" data-element_type=\"widget\" data-e-type=\"widget\" data-widget_type=\"text-editor.default\">\n\t\t\t\t<div class=\"elementor-widget-container\">\n\t\t\t\t\t\t\t\t\t<p><strong>Heta Arbeten<\/strong><\/p><p>Our staff have undergone training in hot work (Heta Arbeten), which is a requirement at several of our work sites.<\/p>\t\t\t\t\t\t\t\t<\/div>\n\t\t\t\t<\/div>\n\t\t\t\t\t<\/div>\n\t\t<\/div>\n\t\t\t\t\t<\/div>\n\t\t<\/section>\n\t\t\t\t<section class=\"elementor-section elementor-inner-section elementor-element elementor-element-696fd23 elementor-section-boxed elementor-section-height-default elementor-section-height-default\" data-id=\"696fd23\" data-element_type=\"section\" data-e-type=\"section\">\n\t\t\t\t\t\t<div class=\"elementor-container elementor-column-gap-default\">\n\t\t\t\t\t<div class=\"elementor-column elementor-col-50 elementor-inner-column elementor-element elementor-element-ca83a9f\" data-id=\"ca83a9f\" data-element_type=\"column\" data-e-type=\"column\">\n\t\t\t<div class=\"elementor-widget-wrap elementor-element-populated\">\n\t\t\t\t\t\t<div class=\"elementor-element elementor-element-dc085af elementor-widget elementor-widget-image\" data-id=\"dc085af\" data-element_type=\"widget\" data-e-type=\"widget\" data-widget_type=\"image.default\">\n\t\t\t\t<div class=\"elementor-widget-container\">\n\t\t\t\t\t\t\t\t\t\t\t\t\t\t\t<img loading=\"lazy\" decoding=\"async\" width=\"300\" height=\"300\" src=\"https:\/\/jatic.se\/wp-content\/uploads\/2024\/01\/hlr.png\" class=\"attachment-large size-large wp-image-1650\" alt=\"\" srcset=\"https:\/\/jatic.se\/wp-content\/uploads\/2024\/01\/hlr.png 300w, https:\/\/jatic.se\/wp-content\/uploads\/2024\/01\/hlr-150x150.png 150w, https:\/\/jatic.se\/wp-content\/uploads\/2024\/01\/hlr-12x12.png 12w\" sizes=\"(max-width: 300px) 100vw, 300px\" \/>\t\t\t\t\t\t\t\t\t\t\t\t\t\t\t<\/div>\n\t\t\t\t<\/div>\n\t\t\t\t\t<\/div>\n\t\t<\/div>\n\t\t\t\t<div class=\"elementor-column elementor-col-50 elementor-inner-column elementor-element elementor-element-f3f113c\" data-id=\"f3f113c\" data-element_type=\"column\" data-e-type=\"column\">\n\t\t\t<div class=\"elementor-widget-wrap elementor-element-populated\">\n\t\t\t\t\t\t<div class=\"elementor-element elementor-element-63c59a9 elementor-widget elementor-widget-text-editor\" data-id=\"63c59a9\" data-element_type=\"widget\" data-e-type=\"widget\" data-widget_type=\"text-editor.default\">\n\t\t\t\t<div class=\"elementor-widget-container\">\n\t\t\t\t\t\t\t\t\t<p><strong>HLR<\/strong><\/p><p>CPR is a vital part of our safety work; a swift response can save lives.<\/p>\t\t\t\t\t\t\t\t<\/div>\n\t\t\t\t<\/div>\n\t\t\t\t\t<\/div>\n\t\t<\/div>\n\t\t\t\t\t<\/div>\n\t\t<\/section>\n\t\t\t\t\t<\/div>\n\t\t<\/div>\n\t\t\t\t\t<\/div>\n\t\t<\/section>\n\t\t\t\t<\/div>","protected":false},"excerpt":{"rendered":"<p>Utbildningar V\u00e5r personal \u00e4r utbildade i alla n\u00f6dv\u00e4ndiga utbildningar f\u00f6r att utf\u00f6ra v\u00e5ra tj\u00e4nster p\u00e5 ett s\u00e4kert och smidigt s\u00e4tt. Nedan listas n\u00e5gra av dessa utbildningar och vad de inneb\u00e4r. Fallskyddsutbildning Utbildningen v\u00e4nder sig till alla som arbetar p\u00e5 tak eller andra h\u00f6jder samt till arbetsledare och chefer som har ett arbetsmilj\u00f6ansvar f\u00f6r de personer [&hellip;]<\/p>\n","protected":false},"author":1,"featured_media":0,"parent":71,"menu_order":0,"comment_status":"closed","ping_status":"closed","template":"","meta":{"_exactmetrics_skip_tracking":false,"_exactmetrics_sitenote_active":false,"_exactmetrics_sitenote_note":"","_exactmetrics_sitenote_category":0,"footnotes":""},"class_list":["post-87","page","type-page","status-publish","hentry"],"yoast_head":"<!-- This site is optimized with the Yoast SEO plugin v27.3 - https:\/\/yoast.com\/product\/yoast-seo-wordpress\/ -->\n<title>Utbildningar - Jatic<\/title>\n<meta name=\"robots\" content=\"index, follow, max-snippet:-1, max-image-preview:large, max-video-preview:-1\" \/>\n<link rel=\"canonical\" href=\"https:\/\/jatic.se\/en\/om-oss\/utbildningar\/\" \/>\n<meta property=\"og:locale\" content=\"en_US\" \/>\n<meta property=\"og:type\" content=\"article\" \/>\n<meta property=\"og:title\" content=\"Utbildningar - Jatic\" \/>\n<meta property=\"og:description\" content=\"Utbildningar V\u00e5r personal \u00e4r utbildade i alla n\u00f6dv\u00e4ndiga utbildningar f\u00f6r att utf\u00f6ra v\u00e5ra tj\u00e4nster p\u00e5 ett s\u00e4kert och smidigt s\u00e4tt. Nedan listas n\u00e5gra av dessa utbildningar och vad de inneb\u00e4r. Fallskyddsutbildning Utbildningen v\u00e4nder sig till alla som arbetar p\u00e5 tak eller andra h\u00f6jder samt till arbetsledare och chefer som har ett arbetsmilj\u00f6ansvar f\u00f6r de personer [&hellip;]\" \/>\n<meta property=\"og:url\" content=\"https:\/\/jatic.se\/en\/om-oss\/utbildningar\/\" \/>\n<meta property=\"og:site_name\" content=\"Jatic\" \/>\n<meta property=\"article:modified_time\" content=\"2024-01-23T13:52:05+00:00\" \/>\n<meta property=\"og:image\" content=\"https:\/\/jatic.se\/wp-content\/uploads\/2020\/07\/fallskyddsutbildning.png\" \/>\n<meta name=\"twitter:card\" content=\"summary_large_image\" \/>\n<meta name=\"twitter:label1\" content=\"Est. reading time\" \/>\n\t<meta name=\"twitter:data1\" content=\"2 minutes\" \/>\n<script type=\"application\/ld+json\" class=\"yoast-schema-graph\">{\"@context\":\"https:\\\/\\\/schema.org\",\"@graph\":[{\"@type\":\"WebPage\",\"@id\":\"https:\\\/\\\/jatic.se\\\/om-oss\\\/utbildningar\\\/\",\"url\":\"https:\\\/\\\/jatic.se\\\/om-oss\\\/utbildningar\\\/\",\"name\":\"Utbildningar - Jatic\",\"isPartOf\":{\"@id\":\"https:\\\/\\\/jatic.se\\\/#website\"},\"primaryImageOfPage\":{\"@id\":\"https:\\\/\\\/jatic.se\\\/om-oss\\\/utbildningar\\\/#primaryimage\"},\"image\":{\"@id\":\"https:\\\/\\\/jatic.se\\\/om-oss\\\/utbildningar\\\/#primaryimage\"},\"thumbnailUrl\":\"https:\\\/\\\/jatic.se\\\/wp-content\\\/uploads\\\/2020\\\/07\\\/fallskyddsutbildning.png\",\"datePublished\":\"2020-06-28T10:57:33+00:00\",\"dateModified\":\"2024-01-23T13:52:05+00:00\",\"breadcrumb\":{\"@id\":\"https:\\\/\\\/jatic.se\\\/om-oss\\\/utbildningar\\\/#breadcrumb\"},\"inLanguage\":\"en-US\",\"potentialAction\":[{\"@type\":\"ReadAction\",\"target\":[\"https:\\\/\\\/jatic.se\\\/om-oss\\\/utbildningar\\\/\"]}]},{\"@type\":\"ImageObject\",\"inLanguage\":\"en-US\",\"@id\":\"https:\\\/\\\/jatic.se\\\/om-oss\\\/utbildningar\\\/#primaryimage\",\"url\":\"https:\\\/\\\/jatic.se\\\/wp-content\\\/uploads\\\/2020\\\/07\\\/fallskyddsutbildning.png\",\"contentUrl\":\"https:\\\/\\\/jatic.se\\\/wp-content\\\/uploads\\\/2020\\\/07\\\/fallskyddsutbildning.png\"},{\"@type\":\"BreadcrumbList\",\"@id\":\"https:\\\/\\\/jatic.se\\\/om-oss\\\/utbildningar\\\/#breadcrumb\",\"itemListElement\":[{\"@type\":\"ListItem\",\"position\":1,\"name\":\"Home\",\"item\":\"https:\\\/\\\/jatic.se\\\/\"},{\"@type\":\"ListItem\",\"position\":2,\"name\":\"Om oss\",\"item\":\"https:\\\/\\\/jatic.se\\\/om-oss\\\/\"},{\"@type\":\"ListItem\",\"position\":3,\"name\":\"Utbildningar\"}]},{\"@type\":\"WebSite\",\"@id\":\"https:\\\/\\\/jatic.se\\\/#website\",\"url\":\"https:\\\/\\\/jatic.se\\\/\",\"name\":\"Jatic\",\"description\":\"Your global partner\",\"publisher\":{\"@id\":\"https:\\\/\\\/jatic.se\\\/#organization\"},\"potentialAction\":[{\"@type\":\"SearchAction\",\"target\":{\"@type\":\"EntryPoint\",\"urlTemplate\":\"https:\\\/\\\/jatic.se\\\/?s={search_term_string}\"},\"query-input\":{\"@type\":\"PropertyValueSpecification\",\"valueRequired\":true,\"valueName\":\"search_term_string\"}}],\"inLanguage\":\"en-US\"},{\"@type\":\"Organization\",\"@id\":\"https:\\\/\\\/jatic.se\\\/#organization\",\"name\":\"Jatic\",\"url\":\"https:\\\/\\\/jatic.se\\\/\",\"logo\":{\"@type\":\"ImageObject\",\"inLanguage\":\"en-US\",\"@id\":\"https:\\\/\\\/jatic.se\\\/#\\\/schema\\\/logo\\\/image\\\/\",\"url\":\"https:\\\/\\\/media.jatic.se\\\/2020\\\/06\\\/Logga-Mars-2019-1.png\",\"contentUrl\":\"https:\\\/\\\/media.jatic.se\\\/2020\\\/06\\\/Logga-Mars-2019-1.png\",\"width\":3141,\"height\":1178,\"caption\":\"Jatic\"},\"image\":{\"@id\":\"https:\\\/\\\/jatic.se\\\/#\\\/schema\\\/logo\\\/image\\\/\"}}]}<\/script>\n<!-- \/ Yoast SEO plugin. -->","yoast_head_json":{"title":"Utbildningar - Jatic","robots":{"index":"index","follow":"follow","max-snippet":"max-snippet:-1","max-image-preview":"max-image-preview:large","max-video-preview":"max-video-preview:-1"},"canonical":"https:\/\/jatic.se\/en\/om-oss\/utbildningar\/","og_locale":"en_US","og_type":"article","og_title":"Utbildningar - Jatic","og_description":"Utbildningar V\u00e5r personal \u00e4r utbildade i alla n\u00f6dv\u00e4ndiga utbildningar f\u00f6r att utf\u00f6ra v\u00e5ra tj\u00e4nster p\u00e5 ett s\u00e4kert och smidigt s\u00e4tt. Nedan listas n\u00e5gra av dessa utbildningar och vad de inneb\u00e4r. Fallskyddsutbildning Utbildningen v\u00e4nder sig till alla som arbetar p\u00e5 tak eller andra h\u00f6jder samt till arbetsledare och chefer som har ett arbetsmilj\u00f6ansvar f\u00f6r de personer [&hellip;]","og_url":"https:\/\/jatic.se\/en\/om-oss\/utbildningar\/","og_site_name":"Jatic","article_modified_time":"2024-01-23T13:52:05+00:00","og_image":[{"url":"https:\/\/jatic.se\/wp-content\/uploads\/2020\/07\/fallskyddsutbildning.png","type":"","width":"","height":""}],"twitter_card":"summary_large_image","twitter_misc":{"Est. reading time":"2 minutes"},"schema":{"@context":"https:\/\/schema.org","@graph":[{"@type":"WebPage","@id":"https:\/\/jatic.se\/om-oss\/utbildningar\/","url":"https:\/\/jatic.se\/om-oss\/utbildningar\/","name":"Utbildningar - Jatic","isPartOf":{"@id":"https:\/\/jatic.se\/#website"},"primaryImageOfPage":{"@id":"https:\/\/jatic.se\/om-oss\/utbildningar\/#primaryimage"},"image":{"@id":"https:\/\/jatic.se\/om-oss\/utbildningar\/#primaryimage"},"thumbnailUrl":"https:\/\/jatic.se\/wp-content\/uploads\/2020\/07\/fallskyddsutbildning.png","datePublished":"2020-06-28T10:57:33+00:00","dateModified":"2024-01-23T13:52:05+00:00","breadcrumb":{"@id":"https:\/\/jatic.se\/om-oss\/utbildningar\/#breadcrumb"},"inLanguage":"en-US","potentialAction":[{"@type":"ReadAction","target":["https:\/\/jatic.se\/om-oss\/utbildningar\/"]}]},{"@type":"ImageObject","inLanguage":"en-US","@id":"https:\/\/jatic.se\/om-oss\/utbildningar\/#primaryimage","url":"https:\/\/jatic.se\/wp-content\/uploads\/2020\/07\/fallskyddsutbildning.png","contentUrl":"https:\/\/jatic.se\/wp-content\/uploads\/2020\/07\/fallskyddsutbildning.png"},{"@type":"BreadcrumbList","@id":"https:\/\/jatic.se\/om-oss\/utbildningar\/#breadcrumb","itemListElement":[{"@type":"ListItem","position":1,"name":"Home","item":"https:\/\/jatic.se\/"},{"@type":"ListItem","position":2,"name":"Om oss","item":"https:\/\/jatic.se\/om-oss\/"},{"@type":"ListItem","position":3,"name":"Utbildningar"}]},{"@type":"WebSite","@id":"https:\/\/jatic.se\/#website","url":"https:\/\/jatic.se\/","name":"Jatic","description":"Your global partner","publisher":{"@id":"https:\/\/jatic.se\/#organization"},"potentialAction":[{"@type":"SearchAction","target":{"@type":"EntryPoint","urlTemplate":"https:\/\/jatic.se\/?s={search_term_string}"},"query-input":{"@type":"PropertyValueSpecification","valueRequired":true,"valueName":"search_term_string"}}],"inLanguage":"en-US"},{"@type":"Organization","@id":"https:\/\/jatic.se\/#organization","name":"Jatic","url":"https:\/\/jatic.se\/","logo":{"@type":"ImageObject","inLanguage":"en-US","@id":"https:\/\/jatic.se\/#\/schema\/logo\/image\/","url":"https:\/\/media.jatic.se\/2020\/06\/Logga-Mars-2019-1.png","contentUrl":"https:\/\/media.jatic.se\/2020\/06\/Logga-Mars-2019-1.png","width":3141,"height":1178,"caption":"Jatic"},"image":{"@id":"https:\/\/jatic.se\/#\/schema\/logo\/image\/"}}]}},"_links":{"self":[{"href":"https:\/\/jatic.se\/en\/wp-json\/wp\/v2\/pages\/87","targetHints":{"allow":["GET"]}}],"collection":[{"href":"https:\/\/jatic.se\/en\/wp-json\/wp\/v2\/pages"}],"about":[{"href":"https:\/\/jatic.se\/en\/wp-json\/wp\/v2\/types\/page"}],"author":[{"embeddable":true,"href":"https:\/\/jatic.se\/en\/wp-json\/wp\/v2\/users\/1"}],"replies":[{"embeddable":true,"href":"https:\/\/jatic.se\/en\/wp-json\/wp\/v2\/comments?post=87"}],"version-history":[{"count":5,"href":"https:\/\/jatic.se\/en\/wp-json\/wp\/v2\/pages\/87\/revisions"}],"predecessor-version":[{"id":1653,"href":"https:\/\/jatic.se\/en\/wp-json\/wp\/v2\/pages\/87\/revisions\/1653"}],"up":[{"embeddable":true,"href":"https:\/\/jatic.se\/en\/wp-json\/wp\/v2\/pages\/71"}],"wp:attachment":[{"href":"https:\/\/jatic.se\/en\/wp-json\/wp\/v2\/media?parent=87"}],"curies":[{"name":"wp","href":"https:\/\/api.w.org\/{rel}","templated":true}]}}